{"id":4734,"date":"2025-02-20T09:40:09","date_gmt":"2025-02-20T08:40:09","guid":{"rendered":"https:\/\/pelnapara.pl\/?page_id=4734"},"modified":"2025-02-20T09:40:10","modified_gmt":"2025-02-20T08:40:10","slug":"fundusze-europejskie","status":"publish","type":"page","link":"https:\/\/pelnapara.pl\/index.php\/fundusze-europejskie\/","title":{"rendered":"Fundusze Europejskie"},"content":{"rendered":"\n<div class=\"wp-block-columns alignwide is-layout-flex wp-container-core-columns-is-layout-1 wp-block-columns-is-layout-flex\">\n<div class=\"wp-block-column is-layout-flow wp-block-column-is-layout-flow\">\n<p><strong>Wsparcie Przedsi\u0119wzi\u0119cia M\u015aP:<\/strong><\/p>\n\n\n\n<p><br>\u201eRozszerzenie i Dywersyfikacja Dzia\u0142alno\u015bci Restauracji &#8220;Pe\u0142n\u0105 Par\u0105&#8221; z Warszawy poprzez Uruchomienie Nowej Us\u0142ugi Kateringu Przemys\u0142owego dla Sektora B2B\u201d w ramach Krajowego Planu Odbudowy i Zwi\u0119kszenia Odporno\u015bci.<br><br>Ca\u0142kowita kwota realizacji przedsi\u0119wzi\u0119cia M\u015aP= 727 811,56 z\u0142.<br>Ca\u0142kowita kwota wydatk\u00f3w kwalifikowanych = 599 664,00 z\u0142<br>Ca\u0142kowita kwota wsparcia= 539 697,08 z\u0142.<br><br>Numer umowy: KPOD.01.03-IW.01-8412\/24<br><br>Przedsi\u0119wzi\u0119cie M\u015aP zosta\u0142o obj\u0119te wsparciem w ramach inwestycji A1.2.1 Inwestycje dla przedsi\u0119biorstw w produkty, us\u0142ugi i kompetencje pracownik\u00f3w oraz kadry zwi\u0105zane z dywersyfikacj\u0105 dzia\u0142alno\u015bci w ramach Krajowego Planu Odbudowy i Zwi\u0119kszania Odporno\u015bci (planu rozwojowego).<br><br>Celem przedsi\u0119wzi\u0119cia jest stworzenie nowej ga\u0142\u0119zi biznesu skoncentrowanej na kateringu przemys\u0142owym. Nowa us\u0142uga b\u0119dzie kierowana do klient\u00f3w b2b. Aby by\u0142o to mo\u017cliwe konieczne jest stworzenie kuchni centralnej, kt\u00f3ra pozwoli\u0142aby na realizacj\u0119 zam\u00f3wie\u0144 na du\u017c\u0105 skal\u0119, z wysok\u0105 cz\u0119stotliwo\u015bci\u0105, zapewniaj\u0105c jednocze\u015bnie odpowiedni\u0105 jako\u015b\u0107 produkt\u00f3w oraz terminowo\u015b\u0107 dostaw, bez negatywnego wp\u0142ywu na bie\u017c\u0105c\u0105 dzia\u0142alno\u015b\u0107 naszej restauracji.<br><br>#FunduszeUE<\/p>\n\n\n\n<div class=\"wp-block-image\"><figure class=\"aligncenter size-large is-resized\"><img decoding=\"async\" data-src=\"https:\/\/pelnapara.pl\/wp-content\/uploads\/2025\/02\/nmain-1024x146.png\" alt=\"\" class=\"wp-image-4737 lazyload\" width=\"955\" height=\"135\" data-srcset=\"https:\/\/pelnapara.pl\/wp-content\/uploads\/2025\/02\/nmain-1024x146.png 1024w, https:\/\/pelnapara.pl\/wp-content\/uploads\/2025\/02\/nmain-300x43.png 300w, https:\/\/pelnapara.pl\/wp-content\/uploads\/2025\/02\/nmain-768x110.png 768w, https:\/\/pelnapara.pl\/wp-content\/uploads\/2025\/02\/nmain-1536x219.png 1536w, https:\/\/pelnapara.pl\/wp-content\/uploads\/2025\/02\/nmain-250x36.png 250w, https:\/\/pelnapara.pl\/wp-content\/uploads\/2025\/02\/nmain-1366x195.png 1366w, https:\/\/pelnapara.pl\/wp-content\/uploads\/2025\/02\/nmain-480x69.png 480w, https:\/\/pelnapara.pl\/wp-content\/uploads\/2025\/02\/nmain.png 2016w\" data-sizes=\"(max-width: 955px) 100vw, 955px\" src=\"data:image\/svg+xml;base64,PHN2ZyB3aWR0aD0iMSIgaGVpZ2h0PSIxIiB4bWxucz0iaHR0cDovL3d3dy53My5vcmcvMjAwMC9zdmciPjwvc3ZnPg==\" style=\"--smush-placeholder-width: 955px; --smush-placeholder-aspect-ratio: 955\/135;\" \/><\/figure><\/div>\n<\/div>\n<\/div>\n\n\n\n<p><\/p>\n","protected":false},"excerpt":{"rendered":"<p>Wsparcie Przedsi\u0119wzi\u0119cia M\u015aP: \u201eRozszerzenie i Dywersyfikacja Dzia\u0142alno\u015bci Restauracji &#8220;Pe\u0142n\u0105 Par\u0105&#8221; z Warszawy poprzez Uruchomienie Nowej Us\u0142ugi Kateringu Przemys\u0142owego dla Sektora B2B\u201d w ramach Krajowego Planu [&hellip;]<\/p>\n","protected":false},"author":7,"featured_media":0,"parent":0,"menu_order":0,"comment_status":"closed","ping_status":"closed","template":"","meta":{"novablocks_hero_scroll_indicator":false,"novablocks_hero_position_indicators":false,"ngg_post_thumbnail":0,"footnotes":""},"class_list":["post-4734","page","type-page","status-publish","hentry"],"yoast_head":"<!-- This site is optimized with the Yoast SEO plugin v26.8 - https:\/\/yoast.com\/product\/yoast-seo-wordpress\/ -->\n<title>Fundusze Europejskie &#8902; Restauracja Pe\u0142n\u0105 Par\u0105<\/title>\n<meta name=\"robots\" content=\"index, follow, max-snippet:-1, max-image-preview:large, max-video-preview:-1\" \/>\n<link rel=\"canonical\" href=\"https:\/\/pelnapara.pl\/index.php\/fundusze-europejskie\/\" \/>\n<meta property=\"og:locale\" content=\"pl_PL\" \/>\n<meta property=\"og:type\" content=\"article\" \/>\n<meta property=\"og:title\" content=\"Fundusze Europejskie &#8902; Restauracja Pe\u0142n\u0105 Par\u0105\" \/>\n<meta property=\"og:description\" content=\"Wsparcie Przedsi\u0119wzi\u0119cia M\u015aP: \u201eRozszerzenie i Dywersyfikacja Dzia\u0142alno\u015bci Restauracji &#8220;Pe\u0142n\u0105 Par\u0105&#8221; z Warszawy poprzez Uruchomienie Nowej Us\u0142ugi Kateringu Przemys\u0142owego dla Sektora B2B\u201d w ramach Krajowego Planu [&hellip;]\" \/>\n<meta property=\"og:url\" content=\"https:\/\/pelnapara.pl\/index.php\/fundusze-europejskie\/\" \/>\n<meta property=\"og:site_name\" content=\"Restauracja Pe\u0142n\u0105 Par\u0105\" \/>\n<meta property=\"article:publisher\" content=\"https:\/\/www.facebook.com\/pelnaparananowo\" \/>\n<meta property=\"article:modified_time\" content=\"2025-02-20T08:40:10+00:00\" \/>\n<meta property=\"og:image\" content=\"https:\/\/pelnapara.pl\/wp-content\/uploads\/2025\/02\/nmain-1024x146.png\" \/>\n<meta name=\"twitter:card\" content=\"summary_large_image\" \/>\n<meta name=\"twitter:label1\" content=\"Szacowany czas czytania\" \/>\n\t<meta name=\"twitter:data1\" content=\"2 minuty\" \/>\n<script type=\"application\/ld+json\" class=\"yoast-schema-graph\">{\"@context\":\"https:\/\/schema.org\",\"@graph\":[{\"@type\":\"WebPage\",\"@id\":\"https:\/\/pelnapara.pl\/index.php\/fundusze-europejskie\/\",\"url\":\"https:\/\/pelnapara.pl\/index.php\/fundusze-europejskie\/\",\"name\":\"Fundusze Europejskie &#8902; Restauracja Pe\u0142n\u0105 Par\u0105\",\"isPartOf\":{\"@id\":\"https:\/\/pelnapara.pl\/#website\"},\"primaryImageOfPage\":{\"@id\":\"https:\/\/pelnapara.pl\/index.php\/fundusze-europejskie\/#primaryimage\"},\"image\":{\"@id\":\"https:\/\/pelnapara.pl\/index.php\/fundusze-europejskie\/#primaryimage\"},\"thumbnailUrl\":\"https:\/\/pelnapara.pl\/wp-content\/uploads\/2025\/02\/nmain-1024x146.png\",\"datePublished\":\"2025-02-20T08:40:09+00:00\",\"dateModified\":\"2025-02-20T08:40:10+00:00\",\"breadcrumb\":{\"@id\":\"https:\/\/pelnapara.pl\/index.php\/fundusze-europejskie\/#breadcrumb\"},\"inLanguage\":\"pl-PL\",\"potentialAction\":[{\"@type\":\"ReadAction\",\"target\":[\"https:\/\/pelnapara.pl\/index.php\/fundusze-europejskie\/\"]}]},{\"@type\":\"ImageObject\",\"inLanguage\":\"pl-PL\",\"@id\":\"https:\/\/pelnapara.pl\/index.php\/fundusze-europejskie\/#primaryimage\",\"url\":\"https:\/\/pelnapara.pl\/wp-content\/uploads\/2025\/02\/nmain.png\",\"contentUrl\":\"https:\/\/pelnapara.pl\/wp-content\/uploads\/2025\/02\/nmain.png\",\"width\":2016,\"height\":288},{\"@type\":\"BreadcrumbList\",\"@id\":\"https:\/\/pelnapara.pl\/index.php\/fundusze-europejskie\/#breadcrumb\",\"itemListElement\":[{\"@type\":\"ListItem\",\"position\":1,\"name\":\"Strona g\u0142\u00f3wna\",\"item\":\"https:\/\/pelnapara.pl\/\"},{\"@type\":\"ListItem\",\"position\":2,\"name\":\"Fundusze Europejskie\"}]},{\"@type\":\"WebSite\",\"@id\":\"https:\/\/pelnapara.pl\/#website\",\"url\":\"https:\/\/pelnapara.pl\/\",\"name\":\"Restauracja Pe\u0142n\u0105 Par\u0105\",\"description\":\"Zapraszamy do azjatyckiej restauracji Pe\u0142n\u0105 Par\u0105\",\"publisher\":{\"@id\":\"https:\/\/pelnapara.pl\/#organization\"},\"potentialAction\":[{\"@type\":\"SearchAction\",\"target\":{\"@type\":\"EntryPoint\",\"urlTemplate\":\"https:\/\/pelnapara.pl\/?s={search_term_string}\"},\"query-input\":{\"@type\":\"PropertyValueSpecification\",\"valueRequired\":true,\"valueName\":\"search_term_string\"}}],\"inLanguage\":\"pl-PL\"},{\"@type\":\"Organization\",\"@id\":\"https:\/\/pelnapara.pl\/#organization\",\"name\":\"Pelna Para\",\"url\":\"https:\/\/pelnapara.pl\/\",\"logo\":{\"@type\":\"ImageObject\",\"inLanguage\":\"pl-PL\",\"@id\":\"https:\/\/pelnapara.pl\/#\/schema\/logo\/image\/\",\"url\":\"https:\/\/pelnapara.pl\/wp-content\/uploads\/2021\/01\/cropped-PelnaPara_ICO.jpg\",\"contentUrl\":\"https:\/\/pelnapara.pl\/wp-content\/uploads\/2021\/01\/cropped-PelnaPara_ICO.jpg\",\"width\":512,\"height\":512,\"caption\":\"Pelna Para\"},\"image\":{\"@id\":\"https:\/\/pelnapara.pl\/#\/schema\/logo\/image\/\"},\"sameAs\":[\"https:\/\/www.facebook.com\/pelnaparananowo\",\"https:\/\/www.instagram.com\/pelna.para\/\"]}]}<\/script>\n<!-- \/ Yoast SEO plugin. -->","yoast_head_json":{"title":"Fundusze Europejskie &#8902; Restauracja Pe\u0142n\u0105 Par\u0105","robots":{"index":"index","follow":"follow","max-snippet":"max-snippet:-1","max-image-preview":"max-image-preview:large","max-video-preview":"max-video-preview:-1"},"canonical":"https:\/\/pelnapara.pl\/index.php\/fundusze-europejskie\/","og_locale":"pl_PL","og_type":"article","og_title":"Fundusze Europejskie &#8902; Restauracja Pe\u0142n\u0105 Par\u0105","og_description":"Wsparcie Przedsi\u0119wzi\u0119cia M\u015aP: \u201eRozszerzenie i Dywersyfikacja Dzia\u0142alno\u015bci Restauracji &#8220;Pe\u0142n\u0105 Par\u0105&#8221; z Warszawy poprzez Uruchomienie Nowej Us\u0142ugi Kateringu Przemys\u0142owego dla Sektora B2B\u201d w ramach Krajowego Planu [&hellip;]","og_url":"https:\/\/pelnapara.pl\/index.php\/fundusze-europejskie\/","og_site_name":"Restauracja Pe\u0142n\u0105 Par\u0105","article_publisher":"https:\/\/www.facebook.com\/pelnaparananowo","article_modified_time":"2025-02-20T08:40:10+00:00","og_image":[{"url":"https:\/\/pelnapara.pl\/wp-content\/uploads\/2025\/02\/nmain-1024x146.png","type":"","width":"","height":""}],"twitter_card":"summary_large_image","twitter_misc":{"Szacowany czas czytania":"2 minuty"},"schema":{"@context":"https:\/\/schema.org","@graph":[{"@type":"WebPage","@id":"https:\/\/pelnapara.pl\/index.php\/fundusze-europejskie\/","url":"https:\/\/pelnapara.pl\/index.php\/fundusze-europejskie\/","name":"Fundusze Europejskie &#8902; Restauracja Pe\u0142n\u0105 Par\u0105","isPartOf":{"@id":"https:\/\/pelnapara.pl\/#website"},"primaryImageOfPage":{"@id":"https:\/\/pelnapara.pl\/index.php\/fundusze-europejskie\/#primaryimage"},"image":{"@id":"https:\/\/pelnapara.pl\/index.php\/fundusze-europejskie\/#primaryimage"},"thumbnailUrl":"https:\/\/pelnapara.pl\/wp-content\/uploads\/2025\/02\/nmain-1024x146.png","datePublished":"2025-02-20T08:40:09+00:00","dateModified":"2025-02-20T08:40:10+00:00","breadcrumb":{"@id":"https:\/\/pelnapara.pl\/index.php\/fundusze-europejskie\/#breadcrumb"},"inLanguage":"pl-PL","potentialAction":[{"@type":"ReadAction","target":["https:\/\/pelnapara.pl\/index.php\/fundusze-europejskie\/"]}]},{"@type":"ImageObject","inLanguage":"pl-PL","@id":"https:\/\/pelnapara.pl\/index.php\/fundusze-europejskie\/#primaryimage","url":"https:\/\/pelnapara.pl\/wp-content\/uploads\/2025\/02\/nmain.png","contentUrl":"https:\/\/pelnapara.pl\/wp-content\/uploads\/2025\/02\/nmain.png","width":2016,"height":288},{"@type":"BreadcrumbList","@id":"https:\/\/pelnapara.pl\/index.php\/fundusze-europejskie\/#breadcrumb","itemListElement":[{"@type":"ListItem","position":1,"name":"Strona g\u0142\u00f3wna","item":"https:\/\/pelnapara.pl\/"},{"@type":"ListItem","position":2,"name":"Fundusze Europejskie"}]},{"@type":"WebSite","@id":"https:\/\/pelnapara.pl\/#website","url":"https:\/\/pelnapara.pl\/","name":"Restauracja Pe\u0142n\u0105 Par\u0105","description":"Zapraszamy do azjatyckiej restauracji Pe\u0142n\u0105 Par\u0105","publisher":{"@id":"https:\/\/pelnapara.pl\/#organization"},"potentialAction":[{"@type":"SearchAction","target":{"@type":"EntryPoint","urlTemplate":"https:\/\/pelnapara.pl\/?s={search_term_string}"},"query-input":{"@type":"PropertyValueSpecification","valueRequired":true,"valueName":"search_term_string"}}],"inLanguage":"pl-PL"},{"@type":"Organization","@id":"https:\/\/pelnapara.pl\/#organization","name":"Pelna Para","url":"https:\/\/pelnapara.pl\/","logo":{"@type":"ImageObject","inLanguage":"pl-PL","@id":"https:\/\/pelnapara.pl\/#\/schema\/logo\/image\/","url":"https:\/\/pelnapara.pl\/wp-content\/uploads\/2021\/01\/cropped-PelnaPara_ICO.jpg","contentUrl":"https:\/\/pelnapara.pl\/wp-content\/uploads\/2021\/01\/cropped-PelnaPara_ICO.jpg","width":512,"height":512,"caption":"Pelna Para"},"image":{"@id":"https:\/\/pelnapara.pl\/#\/schema\/logo\/image\/"},"sameAs":["https:\/\/www.facebook.com\/pelnaparananowo","https:\/\/www.instagram.com\/pelna.para\/"]}]}},"_links":{"self":[{"href":"https:\/\/pelnapara.pl\/index.php\/wp-json\/wp\/v2\/pages\/4734","targetHints":{"allow":["GET"]}}],"collection":[{"href":"https:\/\/pelnapara.pl\/index.php\/wp-json\/wp\/v2\/pages"}],"about":[{"href":"https:\/\/pelnapara.pl\/index.php\/wp-json\/wp\/v2\/types\/page"}],"author":[{"embeddable":true,"href":"https:\/\/pelnapara.pl\/index.php\/wp-json\/wp\/v2\/users\/7"}],"replies":[{"embeddable":true,"href":"https:\/\/pelnapara.pl\/index.php\/wp-json\/wp\/v2\/comments?post=4734"}],"version-history":[{"count":5,"href":"https:\/\/pelnapara.pl\/index.php\/wp-json\/wp\/v2\/pages\/4734\/revisions"}],"predecessor-version":[{"id":4785,"href":"https:\/\/pelnapara.pl\/index.php\/wp-json\/wp\/v2\/pages\/4734\/revisions\/4785"}],"wp:attachment":[{"href":"https:\/\/pelnapara.pl\/index.php\/wp-json\/wp\/v2\/media?parent=4734"}],"curies":[{"name":"wp","href":"https:\/\/api.w.org\/{rel}","templated":true}]}}