{"id":283,"date":"2014-06-13T07:31:13","date_gmt":"2014-06-13T05:31:13","guid":{"rendered":"http:\/\/pelnapara.pl\/index.php\/shop\/"},"modified":"2025-07-24T11:28:39","modified_gmt":"2025-07-24T09:28:39","slug":"zamow-online","status":"publish","type":"page","link":"https:\/\/pelnapara.pl\/index.php\/frontpage\/zamow-online\/","title":{"rendered":"Zam\u00f3w online"},"content":{"rendered":"\n\t\t<div \t\t\tclass=\"novablocks-hero novablocks-doppler alignfull novablocks-u-valign-center novablocks-u-halign-center novablocks-u-background novablocks-u-background-dark sm-palette-1 sm-variation-12 scrolling-effect-parallax\"\n\t\t\tstyle=\"--novablocks-block-top-spacing: 1; --novablocks-block-bottom-spacing: 0; --novablocks-emphasis-top-spacing: 0; --novablocks-emphasis-bottom-spacing: 0; --novablocks-hero-text-color: #FFF;min-height: calc(75* var(--novablocks-1vh, 1vh)); \"\n\t\t\tdata-min-height-fallback='75' data-defaults-generated='1' data-template-inserted='1' data-block-index='0' data-scroll-indicator='' data-position-indicators='1' data-display-inner-content='1' data-palette='1' data-palette-variation='12' data-use-source-color-as-reference='' data-color-signal='3' data-content-color-signal='0' data-content-position='center center' data-focal-point='{&quot;x&quot;:0.5,&quot;y&quot;:0.5}' data-final-focal-point='{&quot;x&quot;:0.5,&quot;y&quot;:0.5}' data-initial-background-scale='1' data-final-background-scale='1' data-scroll-indicator-block='' data-scrolling-effect='parallax' data-motion-preset='standard-dynamic' data-follow-through-start='1' data-follow-through-end='1' data-content-color='#FFF' data-overlay-filter-style='dark' data-overlay-filter-strength='30' data-emphasis-by-space='1' data-enable-overlapping='' data-block-top-spacing='1' data-block-bottom-spacing='0' data-emphasis-top-spacing='0' data-emphasis-bottom-spacing='0' data-anchor=''\t\t>\n\n\t\t\t\n\t\t\t<div class=\"novablocks-doppler__mask  novablocks-doppler__wrapper\">\n\t\t\t\t\t\t\t\t\t\t<img decoding=\"async\" class=\"novablocks-hero__media  novablocks-doppler__target lazyload\"\n\t\t\t\t\t\t\t data-src=\"https:\/\/pelnapara.pl\/wp-content\/uploads\/2023\/06\/DSC07570-rotated.jpg\"\n\t\t\t\t\t\t\t style=\"--smush-placeholder-width: 2048px; --smush-placeholder-aspect-ratio: 2048\/1152;object-position: 50% 50%;opacity: 0.7;\" src=\"data:image\/svg+xml;base64,PHN2ZyB3aWR0aD0iMSIgaGVpZ2h0PSIxIiB4bWxucz0iaHR0cDovL3d3dy53My5vcmcvMjAwMC9zdmciPjwvc3ZnPg==\" \/>\n\t\t\t\t\t\n\t\t\t\t\t\t\t<\/div>\n            <div class=\"novablocks-hero__foreground novablocks-doppler__foreground novablocks-u-content-padding novablocks-u-content-align\" style=\"min-height: calc(75 * var(--novablocks-1vh, 1vh)); \">\n                <div class=\"novablocks-hero__inner-container wp-block-group__inner-container novablocks-u-content-width\" style=\"\">\n\t\t\t\t\t\n\n<div class=\"wp-block-group sm-palette-1 sm-color-signal-0\" style=\"--novablocks-emphasis-top-spacing:0;--novablocks-emphasis-bottom-spacing:0;--novablocks-block-top-spacing:1;--novablocks-block-bottom-spacing:0;--novablocks-block-zindex:0\" data-palette=\"1\" data-palette-variation=\"11\" data-color-signal=\"0\"><div class=\"wp-block-group__inner-container is-layout-flow wp-block-group-is-layout-flow\">\t\t\t<div class=\"wp-block-separator is-style-decorative\">\n                \n        <div class=\"c-separator\">\n            <div class=\"c-separator__arrow c-separator__arrow--left\"><\/div>\n            <div class=\"c-separator__line c-separator__line--left\"><\/div>\n            <div class=\"c-separator__symbol\">\n                <span><svg width=\"20\" height=\"12\" viewBox=\"0 0 20 12\" fill=\"none\" xmlns=\"http:\/\/www.w3.org\/2000\/svg\"><path d=\"M.7921 3.7124c.602-1.1238 1.311-1.9933 2.1271-2.6087.816-.6154 1.8194-.9231 3.01-.9231.776 0 1.572.1539 2.388.4615a27.4927 27.4927 0 0 1 2.408.9833c.7759.3478 1.505.6756 2.1873.9833.6823.2943 1.2776.4415 1.786.4415.5752 0 1.1505-.2275 1.7257-.6823.5886-.4682 1.2174-1.2575 1.8863-2.3679l1.4649 2.3077c-.602 1.1237-1.311 1.9933-2.1271 2.6087-.8027.6154-1.806.923-3.01.923-.5218 0-1.0502-.0668-1.5853-.2006a16.5543 16.5543 0 0 1-1.6254-.5418 33.2033 33.2033 0 0 1-1.5853-.6823 36.202 36.202 0 0 0-1.485-.7023c-.4682-.214-.9164-.388-1.3445-.5218-.4147-.1471-.7893-.2207-1.1237-.2207-.5752 0-1.1572.2274-1.7458.6823C3.568 4.107 2.946 4.8896 2.277 6L.792 3.7124zm0 6c.602-1.1238 1.311-1.9933 2.1271-2.6087.816-.6154 1.8194-.9231 3.01-.9231.776 0 1.572.1539 2.388.4615a27.464 27.464 0 0 1 2.408.9833c.7759.3479 1.505.6756 2.1873.9833.6823.2943 1.2776.4415 1.786.4415.5752 0 1.1505-.2275 1.7257-.6823.5886-.4682 1.2174-1.2575 1.8863-2.3679l1.4649 2.3077c-.602 1.1237-1.311 1.9933-2.1271 2.6087-.8027.6154-1.806.9231-3.01.9231-.5218 0-1.0502-.0669-1.5853-.2007a16.5543 16.5543 0 0 1-1.6254-.5418 33.2649 33.2649 0 0 1-1.5853-.6823 36.1751 36.1751 0 0 0-1.485-.7023c-.4682-.214-.9164-.388-1.3445-.5218-.4147-.1471-.7893-.2207-1.1237-.2207-.5752 0-1.1572.2274-1.7458.6823C3.568 10.107 2.946 10.8896 2.277 12L.792 9.7124z\" fill=\"currentColor\"\/><\/svg>\n<\/span>\n            <\/div>\n            <div class=\"c-separator__line c-separator__line--right\"><\/div>\n            <div class=\"c-separator__arrow c-separator__arrow--right\"><\/div>\n        <\/div>\n\t\t\t\t\t<\/div>\n\t\t\n\n\n<h1 class=\"wp-block-novablocks-headline c-headline has-text-align-center has-larger-font-size\"><span class=\"c-headline__secondary\">Dokonaj<\/span> <span class=\"c-headline__primary\">Zam\u00f3wienia<\/span><\/h1>\n\n\n\n<p class=\"has-text-align-center is-style-lead\"><\/p>\n<\/div><\/div>\n\n                <\/div>\n\t\t\t\t            <\/div>\n\n\t\t\t\n        <\/div>\n\n\t\t\n\n\n<p class=\"has-text-align-center\"> <\/p>\n\n\n\n<div class=\"wp-block-columns alignfull is-layout-flex wp-container-core-columns-is-layout-1 wp-block-columns-is-layout-flex\">\n<div class=\"wp-block-column is-layout-flow wp-block-column-is-layout-flow\" style=\"flex-basis:100%\">\n<script>\n    window.upmenuSettings = {\n        id: \"634d01ee-04af-11eb-8682-525400080521\"\n    };\n<\/script>\n<script src=\"https:\/\/cdn.upmenu.com\/media\/upmenu-widget.js\"><\/script>\n<div id=\"upmenu-widget\"><\/div>\n<\/div>\n<\/div>\n\n\n\n<div class=\"wp-block-columns alignfull is-layout-flex wp-container-core-columns-is-layout-2 wp-block-columns-is-layout-flex\">\n<div class=\"wp-block-column is-layout-flow wp-block-column-is-layout-flow\" style=\"flex-basis:100%\">\n<pre class=\"wp-block-preformatted\"><\/pre>\n<\/div>\n<\/div>\n\n\n\n<p><\/p>\n","protected":false},"excerpt":{"rendered":"","protected":false},"author":1,"featured_media":19,"parent":1824,"menu_order":0,"comment_status":"closed","ping_status":"closed","template":"","meta":{"novablocks_hero_scroll_indicator":false,"novablocks_hero_position_indicators":false,"ngg_post_thumbnail":0,"footnotes":""},"class_list":["post-283","page","type-page","status-publish","has-post-thumbnail","hentry"],"yoast_head":"<!-- This site is optimized with the Yoast SEO plugin v26.8 - https:\/\/yoast.com\/product\/yoast-seo-wordpress\/ -->\n<title>Zam\u00f3w online &#8902; Restauracja Pe\u0142n\u0105 Par\u0105<\/title>\n<meta name=\"robots\" content=\"index, follow, max-snippet:-1, max-image-preview:large, max-video-preview:-1\" \/>\n<link rel=\"canonical\" href=\"https:\/\/pelnapara.pl\/index.php\/frontpage\/zamow-online\/\" \/>\n<meta property=\"og:locale\" content=\"pl_PL\" \/>\n<meta property=\"og:type\" content=\"article\" \/>\n<meta property=\"og:title\" content=\"Zam\u00f3w online &#8902; Restauracja Pe\u0142n\u0105 Par\u0105\" \/>\n<meta property=\"og:url\" content=\"https:\/\/pelnapara.pl\/index.php\/frontpage\/zamow-online\/\" \/>\n<meta property=\"og:site_name\" content=\"Restauracja Pe\u0142n\u0105 Par\u0105\" \/>\n<meta property=\"article:publisher\" content=\"https:\/\/www.facebook.com\/pelnaparananowo\" \/>\n<meta property=\"article:modified_time\" content=\"2025-07-24T09:28:39+00:00\" \/>\n<meta property=\"og:image\" content=\"https:\/\/pelnapara.pl\/wp-content\/uploads\/2021\/01\/rosa-placeholder-3.jpg?_t=1753349319\" \/>\n\t<meta property=\"og:image:width\" content=\"1333\" \/>\n\t<meta property=\"og:image:height\" content=\"2000\" \/>\n\t<meta property=\"og:image:type\" content=\"image\/jpeg\" \/>\n<meta name=\"twitter:card\" content=\"summary_large_image\" \/>\n<meta name=\"twitter:label1\" content=\"Szacowany czas czytania\" \/>\n\t<meta name=\"twitter:data1\" content=\"1 minuta\" \/>\n<script type=\"application\/ld+json\" class=\"yoast-schema-graph\">{\"@context\":\"https:\/\/schema.org\",\"@graph\":[{\"@type\":\"WebPage\",\"@id\":\"https:\/\/pelnapara.pl\/index.php\/frontpage\/zamow-online\/\",\"url\":\"https:\/\/pelnapara.pl\/index.php\/frontpage\/zamow-online\/\",\"name\":\"Zam\u00f3w online &#8902; Restauracja Pe\u0142n\u0105 Par\u0105\",\"isPartOf\":{\"@id\":\"https:\/\/pelnapara.pl\/#website\"},\"primaryImageOfPage\":{\"@id\":\"https:\/\/pelnapara.pl\/index.php\/frontpage\/zamow-online\/#primaryimage\"},\"image\":{\"@id\":\"https:\/\/pelnapara.pl\/index.php\/frontpage\/zamow-online\/#primaryimage\"},\"thumbnailUrl\":\"https:\/\/pelnapara.pl\/wp-content\/uploads\/2021\/01\/rosa-placeholder-3.jpg\",\"datePublished\":\"2014-06-13T05:31:13+00:00\",\"dateModified\":\"2025-07-24T09:28:39+00:00\",\"breadcrumb\":{\"@id\":\"https:\/\/pelnapara.pl\/index.php\/frontpage\/zamow-online\/#breadcrumb\"},\"inLanguage\":\"pl-PL\",\"potentialAction\":[{\"@type\":\"ReadAction\",\"target\":[\"https:\/\/pelnapara.pl\/index.php\/frontpage\/zamow-online\/\"]}]},{\"@type\":\"ImageObject\",\"inLanguage\":\"pl-PL\",\"@id\":\"https:\/\/pelnapara.pl\/index.php\/frontpage\/zamow-online\/#primaryimage\",\"url\":\"https:\/\/pelnapara.pl\/wp-content\/uploads\/2021\/01\/rosa-placeholder-3.jpg\",\"contentUrl\":\"https:\/\/pelnapara.pl\/wp-content\/uploads\/2021\/01\/rosa-placeholder-3.jpg\",\"width\":1333,\"height\":2000},{\"@type\":\"BreadcrumbList\",\"@id\":\"https:\/\/pelnapara.pl\/index.php\/frontpage\/zamow-online\/#breadcrumb\",\"itemListElement\":[{\"@type\":\"ListItem\",\"position\":1,\"name\":\"Strona g\u0142\u00f3wna\",\"item\":\"https:\/\/pelnapara.pl\/\"},{\"@type\":\"ListItem\",\"position\":2,\"name\":\"Pe\u0142n\u0105 Par\u0105\",\"item\":\"https:\/\/pelnapara.pl\/\"},{\"@type\":\"ListItem\",\"position\":3,\"name\":\"Zam\u00f3w online\"}]},{\"@type\":\"WebSite\",\"@id\":\"https:\/\/pelnapara.pl\/#website\",\"url\":\"https:\/\/pelnapara.pl\/\",\"name\":\"Restauracja Pe\u0142n\u0105 Par\u0105\",\"description\":\"Zapraszamy do azjatyckiej restauracji Pe\u0142n\u0105 Par\u0105\",\"publisher\":{\"@id\":\"https:\/\/pelnapara.pl\/#organization\"},\"potentialAction\":[{\"@type\":\"SearchAction\",\"target\":{\"@type\":\"EntryPoint\",\"urlTemplate\":\"https:\/\/pelnapara.pl\/?s={search_term_string}\"},\"query-input\":{\"@type\":\"PropertyValueSpecification\",\"valueRequired\":true,\"valueName\":\"search_term_string\"}}],\"inLanguage\":\"pl-PL\"},{\"@type\":\"Organization\",\"@id\":\"https:\/\/pelnapara.pl\/#organization\",\"name\":\"Pelna Para\",\"url\":\"https:\/\/pelnapara.pl\/\",\"logo\":{\"@type\":\"ImageObject\",\"inLanguage\":\"pl-PL\",\"@id\":\"https:\/\/pelnapara.pl\/#\/schema\/logo\/image\/\",\"url\":\"https:\/\/pelnapara.pl\/wp-content\/uploads\/2021\/01\/cropped-PelnaPara_ICO.jpg\",\"contentUrl\":\"https:\/\/pelnapara.pl\/wp-content\/uploads\/2021\/01\/cropped-PelnaPara_ICO.jpg\",\"width\":512,\"height\":512,\"caption\":\"Pelna Para\"},\"image\":{\"@id\":\"https:\/\/pelnapara.pl\/#\/schema\/logo\/image\/\"},\"sameAs\":[\"https:\/\/www.facebook.com\/pelnaparananowo\",\"https:\/\/www.instagram.com\/pelna.para\/\"]}]}<\/script>\n<!-- \/ Yoast SEO plugin. -->","yoast_head_json":{"title":"Zam\u00f3w online &#8902; Restauracja Pe\u0142n\u0105 Par\u0105","robots":{"index":"index","follow":"follow","max-snippet":"max-snippet:-1","max-image-preview":"max-image-preview:large","max-video-preview":"max-video-preview:-1"},"canonical":"https:\/\/pelnapara.pl\/index.php\/frontpage\/zamow-online\/","og_locale":"pl_PL","og_type":"article","og_title":"Zam\u00f3w online &#8902; Restauracja Pe\u0142n\u0105 Par\u0105","og_url":"https:\/\/pelnapara.pl\/index.php\/frontpage\/zamow-online\/","og_site_name":"Restauracja Pe\u0142n\u0105 Par\u0105","article_publisher":"https:\/\/www.facebook.com\/pelnaparananowo","article_modified_time":"2025-07-24T09:28:39+00:00","og_image":[{"width":1333,"height":2000,"url":"https:\/\/pelnapara.pl\/wp-content\/uploads\/2021\/01\/rosa-placeholder-3.jpg?_t=1753349319","type":"image\/jpeg"}],"twitter_card":"summary_large_image","twitter_misc":{"Szacowany czas czytania":"1 minuta"},"schema":{"@context":"https:\/\/schema.org","@graph":[{"@type":"WebPage","@id":"https:\/\/pelnapara.pl\/index.php\/frontpage\/zamow-online\/","url":"https:\/\/pelnapara.pl\/index.php\/frontpage\/zamow-online\/","name":"Zam\u00f3w online &#8902; Restauracja Pe\u0142n\u0105 Par\u0105","isPartOf":{"@id":"https:\/\/pelnapara.pl\/#website"},"primaryImageOfPage":{"@id":"https:\/\/pelnapara.pl\/index.php\/frontpage\/zamow-online\/#primaryimage"},"image":{"@id":"https:\/\/pelnapara.pl\/index.php\/frontpage\/zamow-online\/#primaryimage"},"thumbnailUrl":"https:\/\/pelnapara.pl\/wp-content\/uploads\/2021\/01\/rosa-placeholder-3.jpg","datePublished":"2014-06-13T05:31:13+00:00","dateModified":"2025-07-24T09:28:39+00:00","breadcrumb":{"@id":"https:\/\/pelnapara.pl\/index.php\/frontpage\/zamow-online\/#breadcrumb"},"inLanguage":"pl-PL","potentialAction":[{"@type":"ReadAction","target":["https:\/\/pelnapara.pl\/index.php\/frontpage\/zamow-online\/"]}]},{"@type":"ImageObject","inLanguage":"pl-PL","@id":"https:\/\/pelnapara.pl\/index.php\/frontpage\/zamow-online\/#primaryimage","url":"https:\/\/pelnapara.pl\/wp-content\/uploads\/2021\/01\/rosa-placeholder-3.jpg","contentUrl":"https:\/\/pelnapara.pl\/wp-content\/uploads\/2021\/01\/rosa-placeholder-3.jpg","width":1333,"height":2000},{"@type":"BreadcrumbList","@id":"https:\/\/pelnapara.pl\/index.php\/frontpage\/zamow-online\/#breadcrumb","itemListElement":[{"@type":"ListItem","position":1,"name":"Strona g\u0142\u00f3wna","item":"https:\/\/pelnapara.pl\/"},{"@type":"ListItem","position":2,"name":"Pe\u0142n\u0105 Par\u0105","item":"https:\/\/pelnapara.pl\/"},{"@type":"ListItem","position":3,"name":"Zam\u00f3w online"}]},{"@type":"WebSite","@id":"https:\/\/pelnapara.pl\/#website","url":"https:\/\/pelnapara.pl\/","name":"Restauracja Pe\u0142n\u0105 Par\u0105","description":"Zapraszamy do azjatyckiej restauracji Pe\u0142n\u0105 Par\u0105","publisher":{"@id":"https:\/\/pelnapara.pl\/#organization"},"potentialAction":[{"@type":"SearchAction","target":{"@type":"EntryPoint","urlTemplate":"https:\/\/pelnapara.pl\/?s={search_term_string}"},"query-input":{"@type":"PropertyValueSpecification","valueRequired":true,"valueName":"search_term_string"}}],"inLanguage":"pl-PL"},{"@type":"Organization","@id":"https:\/\/pelnapara.pl\/#organization","name":"Pelna Para","url":"https:\/\/pelnapara.pl\/","logo":{"@type":"ImageObject","inLanguage":"pl-PL","@id":"https:\/\/pelnapara.pl\/#\/schema\/logo\/image\/","url":"https:\/\/pelnapara.pl\/wp-content\/uploads\/2021\/01\/cropped-PelnaPara_ICO.jpg","contentUrl":"https:\/\/pelnapara.pl\/wp-content\/uploads\/2021\/01\/cropped-PelnaPara_ICO.jpg","width":512,"height":512,"caption":"Pelna Para"},"image":{"@id":"https:\/\/pelnapara.pl\/#\/schema\/logo\/image\/"},"sameAs":["https:\/\/www.facebook.com\/pelnaparananowo","https:\/\/www.instagram.com\/pelna.para\/"]}]}},"_links":{"self":[{"href":"https:\/\/pelnapara.pl\/index.php\/wp-json\/wp\/v2\/pages\/283","targetHints":{"allow":["GET"]}}],"collection":[{"href":"https:\/\/pelnapara.pl\/index.php\/wp-json\/wp\/v2\/pages"}],"about":[{"href":"https:\/\/pelnapara.pl\/index.php\/wp-json\/wp\/v2\/types\/page"}],"author":[{"embeddable":true,"href":"https:\/\/pelnapara.pl\/index.php\/wp-json\/wp\/v2\/users\/1"}],"replies":[{"embeddable":true,"href":"https:\/\/pelnapara.pl\/index.php\/wp-json\/wp\/v2\/comments?post=283"}],"version-history":[{"count":24,"href":"https:\/\/pelnapara.pl\/index.php\/wp-json\/wp\/v2\/pages\/283\/revisions"}],"predecessor-version":[{"id":5334,"href":"https:\/\/pelnapara.pl\/index.php\/wp-json\/wp\/v2\/pages\/283\/revisions\/5334"}],"up":[{"embeddable":true,"href":"https:\/\/pelnapara.pl\/index.php\/wp-json\/wp\/v2\/pages\/1824"}],"wp:featuredmedia":[{"embeddable":true,"href":"https:\/\/pelnapara.pl\/index.php\/wp-json\/wp\/v2\/media\/19"}],"wp:attachment":[{"href":"https:\/\/pelnapara.pl\/index.php\/wp-json\/wp\/v2\/media?parent=283"}],"curies":[{"name":"wp","href":"https:\/\/api.w.org\/{rel}","templated":true}]}}