{"id":1893,"date":"2021-01-01T22:32:37","date_gmt":"2021-01-01T21:32:37","guid":{"rendered":"http:\/\/pelnapara.pl\/?page_id=1893"},"modified":"2025-02-03T15:04:16","modified_gmt":"2025-02-03T14:04:16","slug":"catering","status":"publish","type":"page","link":"https:\/\/pelnapara.pl\/index.php\/catering\/","title":{"rendered":"Catering i eventy"},"content":{"rendered":"\n\t\t<div \t\t\tclass=\"novablocks-hero novablocks-doppler alignfull novablocks-u-valign-center novablocks-u-halign-center novablocks-u-background novablocks-u-background-dark sm-palette-1 sm-variation-12 scrolling-effect-parallax\"\n\t\t\tstyle=\"--novablocks-block-top-spacing: 1; --novablocks-block-bottom-spacing: 0; --novablocks-emphasis-top-spacing: 0; --novablocks-emphasis-bottom-spacing: 0; --novablocks-hero-text-color: #FFF;min-height: calc(66* var(--novablocks-1vh, 1vh)); \"\n\t\t\tdata-min-height-fallback='66' data-defaults-generated='1' data-block-index='0' data-overlay-filter-strength='20' data-scroll-indicator='' data-position-indicators='1' data-template-inserted='' data-display-inner-content='1' data-palette='1' data-palette-variation='12' data-use-source-color-as-reference='' data-color-signal='3' data-content-color-signal='0' data-content-position='center center' data-focal-point='{&quot;x&quot;:0.5,&quot;y&quot;:0.5}' data-final-focal-point='{&quot;x&quot;:0.5,&quot;y&quot;:0.5}' data-initial-background-scale='1' data-final-background-scale='1' data-scroll-indicator-block='' data-scrolling-effect='parallax' data-motion-preset='standard-dynamic' data-follow-through-start='1' data-follow-through-end='1' data-content-color='#FFF' data-overlay-filter-style='dark' data-emphasis-by-space='1' data-enable-overlapping='' data-block-top-spacing='1' data-block-bottom-spacing='0' data-emphasis-top-spacing='0' data-emphasis-bottom-spacing='0' data-anchor=''\t\t>\n\n\t\t\t\n\t\t\t<div class=\"novablocks-doppler__mask  novablocks-doppler__wrapper\">\n\t\t\t\t<img fetchpriority=\"high\" decoding=\"async\" width=\"1366\" height=\"2048\" src=\"https:\/\/pelnapara.pl\/wp-content\/uploads\/2021\/01\/141052758_436883000769624_9017843756837693980_n.jpg\" class=\"novablocks-hero__media  novablocks-doppler__target\" alt=\"\" style=\"object-position: 50% 50%;opacity: 0.8; \" srcset=\"https:\/\/pelnapara.pl\/wp-content\/uploads\/2021\/01\/141052758_436883000769624_9017843756837693980_n.jpg 1366w, https:\/\/pelnapara.pl\/wp-content\/uploads\/2021\/01\/141052758_436883000769624_9017843756837693980_n-200x300.jpg 200w, https:\/\/pelnapara.pl\/wp-content\/uploads\/2021\/01\/141052758_436883000769624_9017843756837693980_n-683x1024.jpg 683w, https:\/\/pelnapara.pl\/wp-content\/uploads\/2021\/01\/141052758_436883000769624_9017843756837693980_n-768x1151.jpg 768w, https:\/\/pelnapara.pl\/wp-content\/uploads\/2021\/01\/141052758_436883000769624_9017843756837693980_n-1025x1536.jpg 1025w, https:\/\/pelnapara.pl\/wp-content\/uploads\/2021\/01\/141052758_436883000769624_9017843756837693980_n-167x250.jpg 167w, https:\/\/pelnapara.pl\/wp-content\/uploads\/2021\/01\/141052758_436883000769624_9017843756837693980_n-911x1366.jpg 911w, https:\/\/pelnapara.pl\/wp-content\/uploads\/2021\/01\/141052758_436883000769624_9017843756837693980_n-512x768.jpg 512w, https:\/\/pelnapara.pl\/wp-content\/uploads\/2021\/01\/141052758_436883000769624_9017843756837693980_n-320x480.jpg 320w\" sizes=\"(max-width: 1366px) 100vw, 1366px\" \/>\n\t\t\t\t\t\t\t<\/div>\n            <div class=\"novablocks-hero__foreground novablocks-doppler__foreground novablocks-u-content-padding novablocks-u-content-align\" style=\"min-height: calc(66 * var(--novablocks-1vh, 1vh)); \">\n                <div class=\"novablocks-hero__inner-container wp-block-group__inner-container novablocks-u-content-width\" style=\"\">\n\t\t\t\t\t\n\n<div class=\"wp-block-group alignwide sm-palette-1 sm-color-signal-0\" style=\"--novablocks-emphasis-top-spacing:0;--novablocks-emphasis-bottom-spacing:0;--novablocks-block-top-spacing:1;--novablocks-block-bottom-spacing:0;--novablocks-block-zindex:0\" data-palette=\"1\" data-palette-variation=\"11\" data-color-signal=\"0\"><div class=\"wp-block-group__inner-container is-layout-flow wp-block-group-is-layout-flow\">\n<h1 class=\"wp-block-novablocks-headline c-headline has-text-align-center has-larger-font-size\"><span class=\"c-headline__secondary\">Catering<\/span> <span class=\"c-headline__primary\">Eventy<\/span><\/h1>\n\n\n\n<p class=\"has-text-align-center\"><\/p>\n<\/div><\/div>\n\n                <\/div>\n\t\t\t\t            <\/div>\n\n\t\t\t\n        <\/div>\n\n\t\t\n\n\n<div class=\"wp-block-group alignfull sm-palette-1 sm-color-signal-0\" style=\"--novablocks-emphasis-top-spacing:0;--novablocks-emphasis-bottom-spacing:0;--novablocks-block-top-spacing:1;--novablocks-block-bottom-spacing:0;--novablocks-block-zindex:0\" data-palette=\"1\" data-palette-variation=\"1\" data-color-signal=\"0\"><div class=\"wp-block-group__inner-container is-layout-flow wp-block-group-is-layout-flow\">\n<div class=\"wp-block-columns is-layout-flex wp-container-core-columns-is-layout-3 wp-block-columns-is-layout-flex\">\n<div class=\"wp-block-column is-layout-flow wp-block-column-is-layout-flow\" style=\"flex-basis:100%\">\n<div class=\"wp-block-columns is-layout-flex wp-container-core-columns-is-layout-2 wp-block-columns-is-layout-flex\">\n<div class=\"wp-block-column is-layout-flow wp-block-column-is-layout-flow\" style=\"flex-basis:100%\">\n<div class=\"wp-block-columns alignwide is-layout-flex wp-container-core-columns-is-layout-1 wp-block-columns-is-layout-flex\">\n<div class=\"wp-block-column is-vertically-aligned-center is-layout-flow wp-block-column-is-layout-flow\">\n<h3 class=\"has-sm-color-primary-color has-text-color has-normal-font-size wp-block-heading\">Catering<\/h3>\n\n\n\n<p class=\"is-style-lead\">Dostarczamy catering dopasowany do indywidualnych potrzeb, zar\u00f3wno ma\u0142ych, jak i du\u017cych.<\/p>\n\n\n\n<p>Nasi szefowie kuchni przygotuj\u0105 dania, kt\u00f3re s\u0105 idealnie dopasowane do rozmaitych okazji. Nie ograniczamy si\u0119 tylko do potraw z karty, ale ch\u0119tnie wychodzimy poza ni\u0105, aby zapewni\u0107 Wam jak najwi\u0119ksz\u0105 r\u00f3\u017cnorodno\u015b\u0107 smak\u00f3w azjatyckich.<\/p>\n\n\n\n<p>Nasz catering to przede wszystkim kwintesencja autentycznych smak\u00f3w i przepis\u00f3w, przywiezionych z najdalszych zak\u0105tk\u00f3w Azji. Oferujemy pakiety dla firm oraz dla os\u00f3b prywatnych.<\/p>\n\n\n\n<p><\/p>\n\n\n\n<h3 class=\"has-normal-font-size wp-block-heading\">Eventy<\/h3>\n\n\n\n<p class=\"is-style-lead\">Organizujemy wydarzenia od pocz\u0105tku, a\u017c do samego ko\u0144ca!<\/p>\n\n\n\n<p>Wydarzenie rodzinne, spotkanie firmowe, standing party z open barem, lunch biznesowy, warsztaty, a mo\u017ce po prostu planujecie wydarzenie dla wi\u0119kszej grupy i chcecie, aby ka\u017cdy wyszed\u0142 zadowolony? Eventy w Pe\u0142nej Parze nastawione s\u0105 na indywidualno\u015b\u0107! Jeste\u015bmy elastyczni, aby m\u00f3c przygotowa\u0107 dla Was spersonalizowan\u0105 ofert\u0119, kt\u00f3r\u0105 zrealizujemy od podstaw, a\u017c do samego ko\u0144ca.<\/p>\n\n\n\n<p>Nasze motto brzmi: Sharing is caring! Idea dzielenia si\u0119 i smakowania rozmaitych potraw pozwala zapozna\u0107 si\u0119 z szerok\u0105 ofert\u0105 naszych smak\u00f3w.<\/p>\n\n\n\n<p><\/p>\n\n\n\n<figure class=\"wp-block-image size-large\"><img decoding=\"async\" width=\"683\" height=\"1024\" data-src=\"https:\/\/pelnapara.pl\/wp-content\/uploads\/2022\/08\/POWYSLE_15_07-34-of-113-2-683x1024.jpg\" alt=\"\" class=\"wp-image-2879 lazyload\" data-srcset=\"https:\/\/pelnapara.pl\/wp-content\/uploads\/2022\/08\/POWYSLE_15_07-34-of-113-2-683x1024.jpg 683w, https:\/\/pelnapara.pl\/wp-content\/uploads\/2022\/08\/POWYSLE_15_07-34-of-113-2-200x300.jpg 200w, https:\/\/pelnapara.pl\/wp-content\/uploads\/2022\/08\/POWYSLE_15_07-34-of-113-2-768x1151.jpg 768w, https:\/\/pelnapara.pl\/wp-content\/uploads\/2022\/08\/POWYSLE_15_07-34-of-113-2-1025x1536.jpg 1025w, https:\/\/pelnapara.pl\/wp-content\/uploads\/2022\/08\/POWYSLE_15_07-34-of-113-2-1366x2048.jpg 1366w, https:\/\/pelnapara.pl\/wp-content\/uploads\/2022\/08\/POWYSLE_15_07-34-of-113-2-167x250.jpg 167w, https:\/\/pelnapara.pl\/wp-content\/uploads\/2022\/08\/POWYSLE_15_07-34-of-113-2-911x1366.jpg 911w, https:\/\/pelnapara.pl\/wp-content\/uploads\/2022\/08\/POWYSLE_15_07-34-of-113-2-512x768.jpg 512w, https:\/\/pelnapara.pl\/wp-content\/uploads\/2022\/08\/POWYSLE_15_07-34-of-113-2-320x480.jpg 320w, https:\/\/pelnapara.pl\/wp-content\/uploads\/2022\/08\/POWYSLE_15_07-34-of-113-2.jpg 1668w\" data-sizes=\"(max-width: 683px) 100vw, 683px\" src=\"data:image\/svg+xml;base64,PHN2ZyB3aWR0aD0iMSIgaGVpZ2h0PSIxIiB4bWxucz0iaHR0cDovL3d3dy53My5vcmcvMjAwMC9zdmciPjwvc3ZnPg==\" style=\"--smush-placeholder-width: 683px; --smush-placeholder-aspect-ratio: 683\/1024;\" \/><\/figure>\n\n\n\n<p><\/p>\n\n\n\n<div class=\"wp-block-group alignfull sm-palette-1 sm-color-signal-0\" style=\"--novablocks-emphasis-top-spacing:0;--novablocks-emphasis-bottom-spacing:0;--novablocks-block-top-spacing:1;--novablocks-block-bottom-spacing:0;--novablocks-block-zindex:0\" data-palette=\"1\" data-palette-variation=\"1\" data-color-signal=\"0\"><div class=\"wp-block-group__inner-container is-layout-flow wp-block-group-is-layout-flow\">\n<div class=\"wp-block-group alignfull sm-palette-1 sm-color-signal-0\" style=\"--novablocks-emphasis-top-spacing:0;--novablocks-emphasis-bottom-spacing:0;--novablocks-block-top-spacing:1;--novablocks-block-bottom-spacing:0;--novablocks-block-zindex:0\" data-palette=\"1\" data-palette-variation=\"1\" data-color-signal=\"0\"><div class=\"wp-block-group__inner-container is-layout-flow wp-block-group-is-layout-flow\"><\/div><\/div>\n<\/div><\/div>\n<\/div>\n\n\n\n<div class=\"wp-block-column is-vertically-aligned-center is-layout-flow wp-block-column-is-layout-flow\">\n<figure class=\"wp-block-image size-full\"><img decoding=\"async\" width=\"683\" height=\"1024\" data-src=\"https:\/\/pelnapara.pl\/wp-content\/uploads\/2022\/08\/pp-21-12-2020-324-of-349-683x1024-2.jpg\" alt=\"\" class=\"wp-image-2864 lazyload\" data-srcset=\"https:\/\/pelnapara.pl\/wp-content\/uploads\/2022\/08\/pp-21-12-2020-324-of-349-683x1024-2.jpg 683w, https:\/\/pelnapara.pl\/wp-content\/uploads\/2022\/08\/pp-21-12-2020-324-of-349-683x1024-2-200x300.jpg 200w, https:\/\/pelnapara.pl\/wp-content\/uploads\/2022\/08\/pp-21-12-2020-324-of-349-683x1024-2-167x250.jpg 167w, https:\/\/pelnapara.pl\/wp-content\/uploads\/2022\/08\/pp-21-12-2020-324-of-349-683x1024-2-512x768.jpg 512w, https:\/\/pelnapara.pl\/wp-content\/uploads\/2022\/08\/pp-21-12-2020-324-of-349-683x1024-2-320x480.jpg 320w\" data-sizes=\"(max-width: 683px) 100vw, 683px\" src=\"data:image\/svg+xml;base64,PHN2ZyB3aWR0aD0iMSIgaGVpZ2h0PSIxIiB4bWxucz0iaHR0cDovL3d3dy53My5vcmcvMjAwMC9zdmciPjwvc3ZnPg==\" style=\"--smush-placeholder-width: 683px; --smush-placeholder-aspect-ratio: 683\/1024;\" \/><\/figure>\n\n\n\n<h2 class=\"has-normal-font-size wp-block-heading\">Nasza oferta<\/h2>\n\n\n\n<p>Restauracje \u201ePe\u0142n\u0105 Par\u0105\u201d zlokalizowane s\u0105 w czterech miejscach w samym centrum Warszawy (ul. Nowowiejska, ul. Sienna, ul. Olkuska 7 i Elektrownia Powi\u015ble). W ka\u017cdej z nich oferujemy azjatyck\u0105 kuchni\u0119 serwowan\u0105 przez zesp\u00f3\u0142 kucharzy pochodz\u0105cych z Nepalu. Nasza obs\u0142uga zapewnia pe\u0142en profesjonalizm, gwarantuj\u0105c sukces wydarzenia. Eventy przygotowujemy nie tylko w naszych lokalach, ale tak\u017ce poza nimi.<br><br>Mokot\u00f3w \/ ul. Olkuska 7: 130 miejsc siedz\u0105cych \/ 200 miejsc stoj\u0105cych. Restauracja utrzymana jest w ca\u0142kowicie innym stylu od naszych pozosta\u0142ych lokali. Wyczuwalny mokotowski klimat sprawi, \u017ce zakochacie si\u0119 w tym miejscu! Z nasz\u0105 restauracj\u0105 po\u0142\u0105czona jest tak\u017ce sala konferencyjna.<\/p>\n\n\n\n<p>Powi\u015ble \/ ul. Zaj\u0119cza 2b: 125 miejsc siedz\u0105cych \/ 200 miejsc stoj\u0105cych; do dyspozycji mamy lokal, przedsionek oraz pergol\u0119. Restauracja gwarantuje magiczne wra\u017cenia, utrzymane dzi\u0119ki klimatycznemu o\u015bwietleniu oraz naturalnej zieleni.<\/p>\n\n\n\n<p>ul. Nowowiejska 10: 120 miejsc siedz\u0105cych \/ 180 miejsc stoj\u0105cych. Lokal posiada dwa pi\u0119tra, w tym salk\u0119 VIP, kt\u00f3r\u0105 mo\u017cna oddzieli\u0107 zasuwanymi drzwiami oraz k\u0105cik dla dzieci.<\/p>\n\n\n\n<p>ul. Sienna 76: 30 miejsc siedz\u0105cych \/ 40 miejsc stoj\u0105cych. Lokal jest kameralny i klimatyczny, umieszczony w samym centrum Warszawy.<\/p>\n\n\n\n<p>Ka\u017cda z restauracji jest klimatyzowana i posiada dost\u0119p do WiFi dla go\u015bci. Oferujemy tak\u017ce rozmaite sposoby rozmieszczenia sto\u0142\u00f3w.<\/p>\n\n\n\n<p>Nasz event manager przygotuje spersonalizowan\u0105 ofert\u0119 dostosowan\u0105 do Waszych indywidualnych potrzeb. Zapraszamy do kontaktu:<\/p>\n\n\n\n<p><\/p>\n\n\n\n<div class=\"wp-block-buttons is-content-justification-center is-layout-flex wp-container-core-buttons-is-layout-1 wp-block-buttons-is-layout-flex\">\n<div class=\"wp-block-button\"><a class=\"wp-block-button__link\" href=\"eventy@pelnapara.pl\">eventy@pelnapara.pl<\/a><\/div>\n\n\n\n<div class=\"wp-block-button\"><a class=\"wp-block-button__link\" href=\"tel:798469814\">798 469 814<\/a><\/div>\n<\/div>\n<\/div>\n<\/div>\n<\/div>\n<\/div>\n<\/div>\n<\/div>\n<\/div><\/div>\n\n\n\n\t\t<div \t\t\tclass=\"novablocks-hero novablocks-doppler alignfull novablocks-u-valign-center novablocks-u-halign-center novablocks-u-background novablocks-u-background-dark sm-palette-1 sm-variation-12 scrolling-effect-parallax\"\n\t\t\tstyle=\"--novablocks-block-top-spacing: 1; --novablocks-block-bottom-spacing: 0; --novablocks-emphasis-top-spacing: 0; --novablocks-emphasis-bottom-spacing: 0; --novablocks-hero-text-color: #FFF;min-height: calc(66* var(--novablocks-1vh, 1vh)); \"\n\t\t\tdata-min-height-fallback='66' data-defaults-generated='1' data-block-index='2' data-scroll-indicator='' data-position-indicators='1' data-template-inserted='' data-display-inner-content='1' data-palette='1' data-palette-variation='12' data-use-source-color-as-reference='' data-color-signal='3' data-content-color-signal='0' data-content-position='center center' data-focal-point='{&quot;x&quot;:0.5,&quot;y&quot;:0.5}' data-final-focal-point='{&quot;x&quot;:0.5,&quot;y&quot;:0.5}' data-initial-background-scale='1' data-final-background-scale='1' data-scroll-indicator-block='' data-scrolling-effect='parallax' data-motion-preset='standard-dynamic' data-follow-through-start='1' data-follow-through-end='1' data-content-color='#FFF' data-overlay-filter-style='dark' data-overlay-filter-strength='30' data-emphasis-by-space='1' data-enable-overlapping='' data-block-top-spacing='1' data-block-bottom-spacing='0' data-emphasis-top-spacing='0' data-emphasis-bottom-spacing='0' data-anchor=''\t\t>\n\n\t\t\t\n\t\t\t<div class=\"novablocks-doppler__mask  novablocks-doppler__wrapper\">\n\t\t\t\t\t\t\t\t\t\t<img decoding=\"async\" class=\"novablocks-hero__media  novablocks-doppler__target lazyload\"\n\t\t\t\t\t\t\t data-src=\"https:\/\/pelnapara.pl\/wp-content\/uploads\/2023\/06\/DSC07584-rotated.jpg\"\n\t\t\t\t\t\t\t style=\"--smush-placeholder-width: 2048px; --smush-placeholder-aspect-ratio: 2048\/1152;object-position: 50% 50%;opacity: 0.7;\" src=\"data:image\/svg+xml;base64,PHN2ZyB3aWR0aD0iMSIgaGVpZ2h0PSIxIiB4bWxucz0iaHR0cDovL3d3dy53My5vcmcvMjAwMC9zdmciPjwvc3ZnPg==\" \/>\n\t\t\t\t\t\n\t\t\t\t\t\t\t<\/div>\n            <div class=\"novablocks-hero__foreground novablocks-doppler__foreground novablocks-u-content-padding novablocks-u-content-align\" style=\"min-height: calc(66 * var(--novablocks-1vh, 1vh)); \">\n                <div class=\"novablocks-hero__inner-container wp-block-group__inner-container novablocks-u-content-width\" style=\"\">\n\t\t\t\t\t\n\n<div class=\"wp-block-group alignwide sm-palette-1 sm-color-signal-0\" style=\"--novablocks-emphasis-top-spacing:0;--novablocks-emphasis-bottom-spacing:0;--novablocks-block-top-spacing:1;--novablocks-block-bottom-spacing:0;--novablocks-block-zindex:0\" data-palette=\"1\" data-palette-variation=\"11\" data-color-signal=\"0\"><div class=\"wp-block-group__inner-container is-layout-flow wp-block-group-is-layout-flow\">\n<h1 class=\"wp-block-novablocks-headline c-headline has-text-align-center has-larger-font-size\"><span class=\"c-headline__secondary\">Catering<\/span> <span class=\"c-headline__primary\">Eventy<\/span><\/h1>\n<\/div><\/div>\n\n                <\/div>\n\t\t\t\t            <\/div>\n\n\t\t\t\n        <\/div>\n\n\t\t\n\n\n<p><\/p>\n","protected":false},"excerpt":{"rendered":"<p>Catering Dostarczamy catering dopasowany do indywidualnych potrzeb, zar\u00f3wno ma\u0142ych, jak i du\u017cych. Nasi szefowie kuchni przygotuj\u0105 dania, kt\u00f3re s\u0105 idealnie dopasowane do rozmaitych okazji. Nie [&hellip;]<\/p>\n","protected":false},"author":1,"featured_media":0,"parent":0,"menu_order":0,"comment_status":"closed","ping_status":"closed","template":"","meta":{"novablocks_hero_scroll_indicator":false,"novablocks_hero_position_indicators":false,"ngg_post_thumbnail":0,"footnotes":""},"class_list":["post-1893","page","type-page","status-publish","hentry"],"yoast_head":"<!-- This site is optimized with the Yoast SEO plugin v26.8 - https:\/\/yoast.com\/product\/yoast-seo-wordpress\/ -->\n<title>Catering i eventy &#8902; Restauracja Pe\u0142n\u0105 Par\u0105<\/title>\n<meta name=\"robots\" content=\"index, follow, max-snippet:-1, max-image-preview:large, max-video-preview:-1\" \/>\n<link rel=\"canonical\" href=\"https:\/\/pelnapara.pl\/index.php\/catering\/\" \/>\n<meta property=\"og:locale\" content=\"pl_PL\" \/>\n<meta property=\"og:type\" content=\"article\" \/>\n<meta property=\"og:title\" content=\"Catering i eventy &#8902; Restauracja Pe\u0142n\u0105 Par\u0105\" \/>\n<meta property=\"og:description\" content=\"Catering Dostarczamy catering dopasowany do indywidualnych potrzeb, zar\u00f3wno ma\u0142ych, jak i du\u017cych. Nasi szefowie kuchni przygotuj\u0105 dania, kt\u00f3re s\u0105 idealnie dopasowane do rozmaitych okazji. Nie [&hellip;]\" \/>\n<meta property=\"og:url\" content=\"https:\/\/pelnapara.pl\/index.php\/catering\/\" \/>\n<meta property=\"og:site_name\" content=\"Restauracja Pe\u0142n\u0105 Par\u0105\" \/>\n<meta property=\"article:publisher\" content=\"https:\/\/www.facebook.com\/pelnaparananowo\" \/>\n<meta property=\"article:modified_time\" content=\"2025-02-03T14:04:16+00:00\" \/>\n<meta property=\"og:image\" content=\"https:\/\/pelnapara.pl\/wp-content\/uploads\/2022\/08\/POWYSLE_15_07-34-of-113-2-683x1024.jpg\" \/>\n<meta name=\"twitter:card\" content=\"summary_large_image\" \/>\n<meta name=\"twitter:label1\" content=\"Szacowany czas czytania\" \/>\n\t<meta name=\"twitter:data1\" content=\"3 minuty\" \/>\n<script type=\"application\/ld+json\" class=\"yoast-schema-graph\">{\"@context\":\"https:\/\/schema.org\",\"@graph\":[{\"@type\":\"WebPage\",\"@id\":\"https:\/\/pelnapara.pl\/index.php\/catering\/\",\"url\":\"https:\/\/pelnapara.pl\/index.php\/catering\/\",\"name\":\"Catering i eventy &#8902; Restauracja Pe\u0142n\u0105 Par\u0105\",\"isPartOf\":{\"@id\":\"https:\/\/pelnapara.pl\/#website\"},\"primaryImageOfPage\":{\"@id\":\"https:\/\/pelnapara.pl\/index.php\/catering\/#primaryimage\"},\"image\":{\"@id\":\"https:\/\/pelnapara.pl\/index.php\/catering\/#primaryimage\"},\"thumbnailUrl\":\"https:\/\/pelnapara.pl\/wp-content\/uploads\/2022\/08\/POWYSLE_15_07-34-of-113-2-683x1024.jpg\",\"datePublished\":\"2021-01-01T21:32:37+00:00\",\"dateModified\":\"2025-02-03T14:04:16+00:00\",\"breadcrumb\":{\"@id\":\"https:\/\/pelnapara.pl\/index.php\/catering\/#breadcrumb\"},\"inLanguage\":\"pl-PL\",\"potentialAction\":[{\"@type\":\"ReadAction\",\"target\":[\"https:\/\/pelnapara.pl\/index.php\/catering\/\"]}]},{\"@type\":\"ImageObject\",\"inLanguage\":\"pl-PL\",\"@id\":\"https:\/\/pelnapara.pl\/index.php\/catering\/#primaryimage\",\"url\":\"https:\/\/pelnapara.pl\/wp-content\/uploads\/2022\/08\/POWYSLE_15_07-34-of-113-2.jpg\",\"contentUrl\":\"https:\/\/pelnapara.pl\/wp-content\/uploads\/2022\/08\/POWYSLE_15_07-34-of-113-2.jpg\",\"width\":1668,\"height\":2500},{\"@type\":\"BreadcrumbList\",\"@id\":\"https:\/\/pelnapara.pl\/index.php\/catering\/#breadcrumb\",\"itemListElement\":[{\"@type\":\"ListItem\",\"position\":1,\"name\":\"Strona g\u0142\u00f3wna\",\"item\":\"https:\/\/pelnapara.pl\/\"},{\"@type\":\"ListItem\",\"position\":2,\"name\":\"Catering i eventy\"}]},{\"@type\":\"WebSite\",\"@id\":\"https:\/\/pelnapara.pl\/#website\",\"url\":\"https:\/\/pelnapara.pl\/\",\"name\":\"Restauracja Pe\u0142n\u0105 Par\u0105\",\"description\":\"Zapraszamy do azjatyckiej restauracji Pe\u0142n\u0105 Par\u0105\",\"publisher\":{\"@id\":\"https:\/\/pelnapara.pl\/#organization\"},\"potentialAction\":[{\"@type\":\"SearchAction\",\"target\":{\"@type\":\"EntryPoint\",\"urlTemplate\":\"https:\/\/pelnapara.pl\/?s={search_term_string}\"},\"query-input\":{\"@type\":\"PropertyValueSpecification\",\"valueRequired\":true,\"valueName\":\"search_term_string\"}}],\"inLanguage\":\"pl-PL\"},{\"@type\":\"Organization\",\"@id\":\"https:\/\/pelnapara.pl\/#organization\",\"name\":\"Pelna Para\",\"url\":\"https:\/\/pelnapara.pl\/\",\"logo\":{\"@type\":\"ImageObject\",\"inLanguage\":\"pl-PL\",\"@id\":\"https:\/\/pelnapara.pl\/#\/schema\/logo\/image\/\",\"url\":\"https:\/\/pelnapara.pl\/wp-content\/uploads\/2021\/01\/cropped-PelnaPara_ICO.jpg\",\"contentUrl\":\"https:\/\/pelnapara.pl\/wp-content\/uploads\/2021\/01\/cropped-PelnaPara_ICO.jpg\",\"width\":512,\"height\":512,\"caption\":\"Pelna Para\"},\"image\":{\"@id\":\"https:\/\/pelnapara.pl\/#\/schema\/logo\/image\/\"},\"sameAs\":[\"https:\/\/www.facebook.com\/pelnaparananowo\",\"https:\/\/www.instagram.com\/pelna.para\/\"]}]}<\/script>\n<!-- \/ Yoast SEO plugin. -->","yoast_head_json":{"title":"Catering i eventy &#8902; Restauracja Pe\u0142n\u0105 Par\u0105","robots":{"index":"index","follow":"follow","max-snippet":"max-snippet:-1","max-image-preview":"max-image-preview:large","max-video-preview":"max-video-preview:-1"},"canonical":"https:\/\/pelnapara.pl\/index.php\/catering\/","og_locale":"pl_PL","og_type":"article","og_title":"Catering i eventy &#8902; Restauracja Pe\u0142n\u0105 Par\u0105","og_description":"Catering Dostarczamy catering dopasowany do indywidualnych potrzeb, zar\u00f3wno ma\u0142ych, jak i du\u017cych. Nasi szefowie kuchni przygotuj\u0105 dania, kt\u00f3re s\u0105 idealnie dopasowane do rozmaitych okazji. Nie [&hellip;]","og_url":"https:\/\/pelnapara.pl\/index.php\/catering\/","og_site_name":"Restauracja Pe\u0142n\u0105 Par\u0105","article_publisher":"https:\/\/www.facebook.com\/pelnaparananowo","article_modified_time":"2025-02-03T14:04:16+00:00","og_image":[{"url":"https:\/\/pelnapara.pl\/wp-content\/uploads\/2022\/08\/POWYSLE_15_07-34-of-113-2-683x1024.jpg","type":"","width":"","height":""}],"twitter_card":"summary_large_image","twitter_misc":{"Szacowany czas czytania":"3 minuty"},"schema":{"@context":"https:\/\/schema.org","@graph":[{"@type":"WebPage","@id":"https:\/\/pelnapara.pl\/index.php\/catering\/","url":"https:\/\/pelnapara.pl\/index.php\/catering\/","name":"Catering i eventy &#8902; Restauracja Pe\u0142n\u0105 Par\u0105","isPartOf":{"@id":"https:\/\/pelnapara.pl\/#website"},"primaryImageOfPage":{"@id":"https:\/\/pelnapara.pl\/index.php\/catering\/#primaryimage"},"image":{"@id":"https:\/\/pelnapara.pl\/index.php\/catering\/#primaryimage"},"thumbnailUrl":"https:\/\/pelnapara.pl\/wp-content\/uploads\/2022\/08\/POWYSLE_15_07-34-of-113-2-683x1024.jpg","datePublished":"2021-01-01T21:32:37+00:00","dateModified":"2025-02-03T14:04:16+00:00","breadcrumb":{"@id":"https:\/\/pelnapara.pl\/index.php\/catering\/#breadcrumb"},"inLanguage":"pl-PL","potentialAction":[{"@type":"ReadAction","target":["https:\/\/pelnapara.pl\/index.php\/catering\/"]}]},{"@type":"ImageObject","inLanguage":"pl-PL","@id":"https:\/\/pelnapara.pl\/index.php\/catering\/#primaryimage","url":"https:\/\/pelnapara.pl\/wp-content\/uploads\/2022\/08\/POWYSLE_15_07-34-of-113-2.jpg","contentUrl":"https:\/\/pelnapara.pl\/wp-content\/uploads\/2022\/08\/POWYSLE_15_07-34-of-113-2.jpg","width":1668,"height":2500},{"@type":"BreadcrumbList","@id":"https:\/\/pelnapara.pl\/index.php\/catering\/#breadcrumb","itemListElement":[{"@type":"ListItem","position":1,"name":"Strona g\u0142\u00f3wna","item":"https:\/\/pelnapara.pl\/"},{"@type":"ListItem","position":2,"name":"Catering i eventy"}]},{"@type":"WebSite","@id":"https:\/\/pelnapara.pl\/#website","url":"https:\/\/pelnapara.pl\/","name":"Restauracja Pe\u0142n\u0105 Par\u0105","description":"Zapraszamy do azjatyckiej restauracji Pe\u0142n\u0105 Par\u0105","publisher":{"@id":"https:\/\/pelnapara.pl\/#organization"},"potentialAction":[{"@type":"SearchAction","target":{"@type":"EntryPoint","urlTemplate":"https:\/\/pelnapara.pl\/?s={search_term_string}"},"query-input":{"@type":"PropertyValueSpecification","valueRequired":true,"valueName":"search_term_string"}}],"inLanguage":"pl-PL"},{"@type":"Organization","@id":"https:\/\/pelnapara.pl\/#organization","name":"Pelna Para","url":"https:\/\/pelnapara.pl\/","logo":{"@type":"ImageObject","inLanguage":"pl-PL","@id":"https:\/\/pelnapara.pl\/#\/schema\/logo\/image\/","url":"https:\/\/pelnapara.pl\/wp-content\/uploads\/2021\/01\/cropped-PelnaPara_ICO.jpg","contentUrl":"https:\/\/pelnapara.pl\/wp-content\/uploads\/2021\/01\/cropped-PelnaPara_ICO.jpg","width":512,"height":512,"caption":"Pelna Para"},"image":{"@id":"https:\/\/pelnapara.pl\/#\/schema\/logo\/image\/"},"sameAs":["https:\/\/www.facebook.com\/pelnaparananowo","https:\/\/www.instagram.com\/pelna.para\/"]}]}},"_links":{"self":[{"href":"https:\/\/pelnapara.pl\/index.php\/wp-json\/wp\/v2\/pages\/1893","targetHints":{"allow":["GET"]}}],"collection":[{"href":"https:\/\/pelnapara.pl\/index.php\/wp-json\/wp\/v2\/pages"}],"about":[{"href":"https:\/\/pelnapara.pl\/index.php\/wp-json\/wp\/v2\/types\/page"}],"author":[{"embeddable":true,"href":"https:\/\/pelnapara.pl\/index.php\/wp-json\/wp\/v2\/users\/1"}],"replies":[{"embeddable":true,"href":"https:\/\/pelnapara.pl\/index.php\/wp-json\/wp\/v2\/comments?post=1893"}],"version-history":[{"count":16,"href":"https:\/\/pelnapara.pl\/index.php\/wp-json\/wp\/v2\/pages\/1893\/revisions"}],"predecessor-version":[{"id":4710,"href":"https:\/\/pelnapara.pl\/index.php\/wp-json\/wp\/v2\/pages\/1893\/revisions\/4710"}],"wp:attachment":[{"href":"https:\/\/pelnapara.pl\/index.php\/wp-json\/wp\/v2\/media?parent=1893"}],"curies":[{"name":"wp","href":"https:\/\/api.w.org\/{rel}","templated":true}]}}