{"id":1891,"date":"2021-01-01T22:32:16","date_gmt":"2021-01-01T21:32:16","guid":{"rendered":"http:\/\/pelnapara.pl\/?page_id=1891"},"modified":"2023-03-15T09:41:34","modified_gmt":"2023-03-15T08:41:34","slug":"dolacz-do-nas","status":"publish","type":"page","link":"https:\/\/pelnapara.pl\/index.php\/dolacz-do-nas\/","title":{"rendered":"Do\u0142\u0105cz do nas"},"content":{"rendered":"\n\t\t<div \t\t\tclass=\"novablocks-hero novablocks-doppler alignfull novablocks-u-valign-center novablocks-u-halign-center novablocks-u-background novablocks-u-background-dark sm-palette-1 sm-variation-12 scrolling-effect-parallax\"\n\t\t\tstyle=\"--novablocks-block-top-spacing: 1; --novablocks-block-bottom-spacing: 0; --novablocks-emphasis-top-spacing: 0; --novablocks-emphasis-bottom-spacing: 0; --novablocks-hero-text-color: #FFF;min-height: calc(66* var(--novablocks-1vh, 1vh)); \"\n\t\t\tdata-min-height-fallback='66' data-defaults-generated='1' data-block-index='0' data-overlay-filter-strength='20' data-scroll-indicator='' data-position-indicators='1' data-template-inserted='' data-display-inner-content='1' data-palette='1' data-palette-variation='12' data-use-source-color-as-reference='' data-color-signal='3' data-content-color-signal='0' data-content-position='center center' data-focal-point='{&quot;x&quot;:0.5,&quot;y&quot;:0.5}' data-final-focal-point='{&quot;x&quot;:0.5,&quot;y&quot;:0.5}' data-initial-background-scale='1' data-final-background-scale='1' data-scroll-indicator-block='' data-scrolling-effect='parallax' data-motion-preset='standard-dynamic' data-follow-through-start='1' data-follow-through-end='1' data-content-color='#FFF' data-overlay-filter-style='dark' data-emphasis-by-space='1' data-enable-overlapping='' data-block-top-spacing='1' data-block-bottom-spacing='0' data-emphasis-top-spacing='0' data-emphasis-bottom-spacing='0' data-anchor=''\t\t>\n\n\t\t\t\n\t\t\t<div class=\"novablocks-doppler__mask  novablocks-doppler__wrapper\">\n\t\t\t\t<img decoding=\"async\" width=\"2500\" height=\"1668\" data-src=\"https:\/\/pelnapara.pl\/wp-content\/uploads\/2021\/01\/PP-KW-108.jpg\" class=\"novablocks-hero__media  novablocks-doppler__target lazyload\" alt=\"\" style=\"--smush-placeholder-width: 2500px; --smush-placeholder-aspect-ratio: 2500\/1668;object-position: 50% 50%;opacity: 0.8;\" data-srcset=\"https:\/\/pelnapara.pl\/wp-content\/uploads\/2021\/01\/PP-KW-108.jpg 2500w, https:\/\/pelnapara.pl\/wp-content\/uploads\/2021\/01\/PP-KW-108-300x200.jpg 300w, https:\/\/pelnapara.pl\/wp-content\/uploads\/2021\/01\/PP-KW-108-1024x683.jpg 1024w, https:\/\/pelnapara.pl\/wp-content\/uploads\/2021\/01\/PP-KW-108-768x512.jpg 768w, https:\/\/pelnapara.pl\/wp-content\/uploads\/2021\/01\/PP-KW-108-1536x1025.jpg 1536w, https:\/\/pelnapara.pl\/wp-content\/uploads\/2021\/01\/PP-KW-108-2048x1366.jpg 2048w, https:\/\/pelnapara.pl\/wp-content\/uploads\/2021\/01\/PP-KW-108-250x167.jpg 250w, https:\/\/pelnapara.pl\/wp-content\/uploads\/2021\/01\/PP-KW-108-1366x911.jpg 1366w, https:\/\/pelnapara.pl\/wp-content\/uploads\/2021\/01\/PP-KW-108-480x320.jpg 480w\" data-sizes=\"(max-width: 2500px) 100vw, 2500px\" src=\"data:image\/svg+xml;base64,PHN2ZyB3aWR0aD0iMSIgaGVpZ2h0PSIxIiB4bWxucz0iaHR0cDovL3d3dy53My5vcmcvMjAwMC9zdmciPjwvc3ZnPg==\" \/>\n\t\t\t\t\t\t\t<\/div>\n            <div class=\"novablocks-hero__foreground novablocks-doppler__foreground novablocks-u-content-padding novablocks-u-content-align\" style=\"min-height: calc(66 * var(--novablocks-1vh, 1vh)); \">\n                <div class=\"novablocks-hero__inner-container wp-block-group__inner-container novablocks-u-content-width\" style=\"\">\n\t\t\t\t\t\n\n<div class=\"wp-block-group alignwide sm-palette-1 sm-color-signal-0\" style=\"--novablocks-emphasis-top-spacing:0;--novablocks-emphasis-bottom-spacing:0;--novablocks-block-top-spacing:1;--novablocks-block-bottom-spacing:0;--novablocks-block-zindex:0\" data-palette=\"1\" data-palette-variation=\"11\" data-color-signal=\"0\"><div class=\"wp-block-group__inner-container is-layout-flow wp-block-group-is-layout-flow\">\n<h1 class=\"wp-block-novablocks-headline c-headline has-text-align-center has-larger-font-size\"><span class=\"c-headline__secondary\">     PRACA<\/span> <span class=\"c-headline__primary\">Pe\u0142n\u0105 Par\u0105<\/span><\/h1>\n\n\n\n<p class=\"has-text-align-center\"><\/p>\n<\/div><\/div>\n\n                <\/div>\n\t\t\t\t            <\/div>\n\n\t\t\t\n        <\/div>\n\n\t\t\n\n\n<div class=\"wp-block-columns is-layout-flex wp-container-core-columns-is-layout-1 wp-block-columns-is-layout-flex\">\n<div class=\"wp-block-column is-layout-flow wp-block-column-is-layout-flow\" style=\"flex-basis:100%\">\n<h3 class=\"has-text-align-center has-normal-font-size wp-block-heading\">Do\u0142\u0105cz do nas!<\/h3>\n\n\n\n<p>Jedzenie, wino, ludzie &#8211; to po\u0142\u0105czenie sprawia, \u017ce wyj\u015bcie do restauracji nabiera wyj\u0105tkowego znaczenia.<\/p>\n\n\n\n<p><\/p>\n\n\n\n<p>Jednak, aby to do\u015bwiadczenie by\u0142o zawsze pozytywne, potrzebna jest osoba, kt\u00f3ra w odpowiedni spos\u00f3b poprowadzi Go\u015bci w trakcie ich wizyty w restauracji \u2013 t\u0105 osob\u0105 jest\u00a0KELNER.<\/p>\n\n\n\n<p><\/p>\n\n\n\n<p class=\"is-style-default\">Je\u015bli tutaj trafi\u0142e\u015b\/a\u015b oznacza to, \u017ce szukasz pracy w naszym zespole. Aby pom\u00f3c Ci w podj\u0119ciu w\u0142a\u015bciwej decyzji czy ta praca jest dla Ciebie, odpowiedz sobie na kilka pyta\u0144:<\/p>\n\n\n\n<p><\/p>\n\n\n\n<p>Dlaczego chc\u0119 pracowa\u0107 w bran\u017cy gastronomicznej? Czy jedzenie i ludzie s\u0105 moj\u0105 pasj\u0105? Czy jestem optymist\u0105 i mam pozytywne podej\u015bcie do pracy i ludzi? Czy lubi\u0119 pracowa\u0107 w zespole? Czy jestem osob\u0105 uczciw\u0105? Czy jestem osob\u0105 dyspozycyjn\u0105 i punktualn\u0105? Czy odnajduj\u0119 si\u0119 w sytuacjach kryzysowych? Czy lubi\u0119 uczy\u0107 si\u0119 nowych rzeczy? Czy \u0142atwo przychodzi mi rozmowa z nowo poznanymi lud\u017ami? Czy potrafi\u0119 poradzi\u0107 sobie ze stresem? Czy lubi\u0119 szybkie tempo pracy?<\/p>\n\n\n\n<p><\/p>\n\n\n\n<p>Mamy nadziej\u0119, \u017ce pomogli\u015bmy Ci w podj\u0119ciu pierwszego kroku i wy\u015blesz do nas swoje CV. Czekamy na Twoj\u0105 wiadomo\u015b\u0107, rekrutacja trwa ca\u0142y czas!\u00a0<\/p>\n\n\n\n<div class=\"wp-block-buttons is-layout-flex wp-block-buttons-is-layout-flex\">\n<div class=\"wp-block-button aligncenter is-style-secondary\"><a class=\"wp-block-button__link\" href=\"mailto:kontakt@pelnapara.pl\">kontakt@pelnapara.pl<\/a><\/div>\n<\/div>\n<\/div>\n<\/div>\n\n\n\n<div class=\"wp-block-columns is-layout-flex wp-container-core-columns-is-layout-2 wp-block-columns-is-layout-flex\">\n<div class=\"wp-block-column is-layout-flow wp-block-column-is-layout-flow\">\n<figure class=\"wp-block-gallery has-nested-images columns-default is-cropped wp-block-gallery-3 is-layout-flex wp-block-gallery-is-layout-flex\">\n<figure class=\"wp-block-image size-large\"><img decoding=\"async\" width=\"666\" height=\"1024\" data-src=\"https:\/\/pelnapara.pl\/wp-content\/uploads\/2022\/08\/NOWO_28_08-4-of-97-666x1024.jpg\" alt=\"\" class=\"wp-image-3033 lazyload\" data-srcset=\"https:\/\/pelnapara.pl\/wp-content\/uploads\/2022\/08\/NOWO_28_08-4-of-97-666x1024.jpg 666w, https:\/\/pelnapara.pl\/wp-content\/uploads\/2022\/08\/NOWO_28_08-4-of-97-195x300.jpg 195w, https:\/\/pelnapara.pl\/wp-content\/uploads\/2022\/08\/NOWO_28_08-4-of-97-768x1182.jpg 768w, https:\/\/pelnapara.pl\/wp-content\/uploads\/2022\/08\/NOWO_28_08-4-of-97-998x1536.jpg 998w, https:\/\/pelnapara.pl\/wp-content\/uploads\/2022\/08\/NOWO_28_08-4-of-97-1331x2048.jpg 1331w, https:\/\/pelnapara.pl\/wp-content\/uploads\/2022\/08\/NOWO_28_08-4-of-97-163x250.jpg 163w, https:\/\/pelnapara.pl\/wp-content\/uploads\/2022\/08\/NOWO_28_08-4-of-97-888x1366.jpg 888w, https:\/\/pelnapara.pl\/wp-content\/uploads\/2022\/08\/NOWO_28_08-4-of-97-499x768.jpg 499w, https:\/\/pelnapara.pl\/wp-content\/uploads\/2022\/08\/NOWO_28_08-4-of-97-312x480.jpg 312w, https:\/\/pelnapara.pl\/wp-content\/uploads\/2022\/08\/NOWO_28_08-4-of-97.jpg 1625w\" data-sizes=\"(max-width: 666px) 100vw, 666px\" src=\"data:image\/svg+xml;base64,PHN2ZyB3aWR0aD0iMSIgaGVpZ2h0PSIxIiB4bWxucz0iaHR0cDovL3d3dy53My5vcmcvMjAwMC9zdmciPjwvc3ZnPg==\" style=\"--smush-placeholder-width: 666px; --smush-placeholder-aspect-ratio: 666\/1024;\" \/><\/figure>\n<\/figure>\n<\/div>\n\n\n\n<div class=\"wp-block-column is-layout-flow wp-block-column-is-layout-flow\">\n<figure class=\"wp-block-gallery has-nested-images columns-default is-cropped wp-block-gallery-4 is-layout-flex wp-block-gallery-is-layout-flex\">\n<figure class=\"wp-block-image size-large\"><img decoding=\"async\" width=\"660\" height=\"1024\" data-src=\"https:\/\/pelnapara.pl\/wp-content\/uploads\/2022\/09\/SIENNA_15_09-144-of-146-660x1024.jpg\" alt=\"\" class=\"wp-image-3057 lazyload\" data-srcset=\"https:\/\/pelnapara.pl\/wp-content\/uploads\/2022\/09\/SIENNA_15_09-144-of-146-660x1024.jpg 660w, https:\/\/pelnapara.pl\/wp-content\/uploads\/2022\/09\/SIENNA_15_09-144-of-146-193x300.jpg 193w, https:\/\/pelnapara.pl\/wp-content\/uploads\/2022\/09\/SIENNA_15_09-144-of-146-768x1191.jpg 768w, https:\/\/pelnapara.pl\/wp-content\/uploads\/2022\/09\/SIENNA_15_09-144-of-146-990x1536.jpg 990w, https:\/\/pelnapara.pl\/wp-content\/uploads\/2022\/09\/SIENNA_15_09-144-of-146-1321x2048.jpg 1321w, https:\/\/pelnapara.pl\/wp-content\/uploads\/2022\/09\/SIENNA_15_09-144-of-146-161x250.jpg 161w, https:\/\/pelnapara.pl\/wp-content\/uploads\/2022\/09\/SIENNA_15_09-144-of-146-881x1366.jpg 881w, https:\/\/pelnapara.pl\/wp-content\/uploads\/2022\/09\/SIENNA_15_09-144-of-146-495x768.jpg 495w, https:\/\/pelnapara.pl\/wp-content\/uploads\/2022\/09\/SIENNA_15_09-144-of-146-310x480.jpg 310w, https:\/\/pelnapara.pl\/wp-content\/uploads\/2022\/09\/SIENNA_15_09-144-of-146.jpg 1612w\" data-sizes=\"(max-width: 660px) 100vw, 660px\" src=\"data:image\/svg+xml;base64,PHN2ZyB3aWR0aD0iMSIgaGVpZ2h0PSIxIiB4bWxucz0iaHR0cDovL3d3dy53My5vcmcvMjAwMC9zdmciPjwvc3ZnPg==\" style=\"--smush-placeholder-width: 660px; --smush-placeholder-aspect-ratio: 660\/1024;\" \/><\/figure>\n<\/figure>\n<\/div>\n\n\n\n<div class=\"wp-block-column is-layout-flow wp-block-column-is-layout-flow\">\n<figure class=\"wp-block-gallery has-nested-images columns-default is-cropped wp-block-gallery-5 is-layout-flex wp-block-gallery-is-layout-flex\">\n<figure class=\"wp-block-image size-large\"><img decoding=\"async\" width=\"668\" height=\"1024\" data-src=\"https:\/\/pelnapara.pl\/wp-content\/uploads\/2022\/08\/NOWO_28_08-94-of-97-668x1024.jpg\" alt=\"\" class=\"wp-image-3031 lazyload\" data-srcset=\"https:\/\/pelnapara.pl\/wp-content\/uploads\/2022\/08\/NOWO_28_08-94-of-97-668x1024.jpg 668w, https:\/\/pelnapara.pl\/wp-content\/uploads\/2022\/08\/NOWO_28_08-94-of-97-196x300.jpg 196w, https:\/\/pelnapara.pl\/wp-content\/uploads\/2022\/08\/NOWO_28_08-94-of-97-768x1178.jpg 768w, https:\/\/pelnapara.pl\/wp-content\/uploads\/2022\/08\/NOWO_28_08-94-of-97-1001x1536.jpg 1001w, https:\/\/pelnapara.pl\/wp-content\/uploads\/2022\/08\/NOWO_28_08-94-of-97-1335x2048.jpg 1335w, https:\/\/pelnapara.pl\/wp-content\/uploads\/2022\/08\/NOWO_28_08-94-of-97-163x250.jpg 163w, https:\/\/pelnapara.pl\/wp-content\/uploads\/2022\/08\/NOWO_28_08-94-of-97-891x1366.jpg 891w, https:\/\/pelnapara.pl\/wp-content\/uploads\/2022\/08\/NOWO_28_08-94-of-97-501x768.jpg 501w, https:\/\/pelnapara.pl\/wp-content\/uploads\/2022\/08\/NOWO_28_08-94-of-97-313x480.jpg 313w, https:\/\/pelnapara.pl\/wp-content\/uploads\/2022\/08\/NOWO_28_08-94-of-97.jpg 1630w\" data-sizes=\"(max-width: 668px) 100vw, 668px\" src=\"data:image\/svg+xml;base64,PHN2ZyB3aWR0aD0iMSIgaGVpZ2h0PSIxIiB4bWxucz0iaHR0cDovL3d3dy53My5vcmcvMjAwMC9zdmciPjwvc3ZnPg==\" style=\"--smush-placeholder-width: 668px; --smush-placeholder-aspect-ratio: 668\/1024;\" \/><\/figure>\n<\/figure>\n<\/div>\n<\/div>\n\n\n\n<div class=\"wp-block-columns are-vertically-aligned-center is-layout-flex wp-container-core-columns-is-layout-3 wp-block-columns-is-layout-flex\">\n<div class=\"wp-block-column is-vertically-aligned-center is-layout-flow wp-block-column-is-layout-flow\" style=\"flex-basis:100%\">\n<div class=\"wp-block-group sm-palette-1 sm-color-signal-0\" style=\"--novablocks-emphasis-top-spacing:0;--novablocks-emphasis-bottom-spacing:0;--novablocks-block-top-spacing:1;--novablocks-block-bottom-spacing:0;--novablocks-block-zindex:0\" data-palette=\"1\" data-palette-variation=\"1\" data-color-signal=\"0\"><div class=\"wp-block-group__inner-container is-layout-flow wp-block-group-is-layout-flow\"><\/div><\/div>\n<\/div>\n<\/div>\n\n\n\n<div class=\"wp-block-columns is-layout-flex wp-container-core-columns-is-layout-4 wp-block-columns-is-layout-flex\">\n<div class=\"wp-block-column is-layout-flow wp-block-column-is-layout-flow\" style=\"flex-basis:100%\">\n<p><\/p>\n<\/div>\n<\/div>\n","protected":false},"excerpt":{"rendered":"<p>Do\u0142\u0105cz do nas! Jedzenie, wino, ludzie &#8211; to po\u0142\u0105czenie sprawia, \u017ce wyj\u015bcie do restauracji nabiera wyj\u0105tkowego znaczenia. Jednak, aby to do\u015bwiadczenie by\u0142o zawsze pozytywne, potrzebna [&hellip;]<\/p>\n","protected":false},"author":1,"featured_media":0,"parent":0,"menu_order":0,"comment_status":"closed","ping_status":"closed","template":"","meta":{"novablocks_hero_scroll_indicator":false,"novablocks_hero_position_indicators":false,"ngg_post_thumbnail":0,"footnotes":""},"class_list":["post-1891","page","type-page","status-publish","hentry"],"yoast_head":"<!-- This site is optimized with the Yoast SEO plugin v26.8 - https:\/\/yoast.com\/product\/yoast-seo-wordpress\/ -->\n<title>Do\u0142\u0105cz do nas &#8902; Restauracja Pe\u0142n\u0105 Par\u0105<\/title>\n<meta name=\"robots\" content=\"index, follow, max-snippet:-1, max-image-preview:large, max-video-preview:-1\" \/>\n<link rel=\"canonical\" href=\"https:\/\/pelnapara.pl\/index.php\/dolacz-do-nas\/\" \/>\n<meta property=\"og:locale\" content=\"pl_PL\" \/>\n<meta property=\"og:type\" content=\"article\" \/>\n<meta property=\"og:title\" content=\"Do\u0142\u0105cz do nas &#8902; Restauracja Pe\u0142n\u0105 Par\u0105\" \/>\n<meta property=\"og:description\" content=\"Do\u0142\u0105cz do nas! Jedzenie, wino, ludzie &#8211; to po\u0142\u0105czenie sprawia, \u017ce wyj\u015bcie do restauracji nabiera wyj\u0105tkowego znaczenia. Jednak, aby to do\u015bwiadczenie by\u0142o zawsze pozytywne, potrzebna [&hellip;]\" \/>\n<meta property=\"og:url\" content=\"https:\/\/pelnapara.pl\/index.php\/dolacz-do-nas\/\" \/>\n<meta property=\"og:site_name\" content=\"Restauracja Pe\u0142n\u0105 Par\u0105\" \/>\n<meta property=\"article:publisher\" content=\"https:\/\/www.facebook.com\/pelnaparananowo\" \/>\n<meta property=\"article:modified_time\" content=\"2023-03-15T08:41:34+00:00\" \/>\n<meta property=\"og:image\" content=\"https:\/\/pelnapara.pl\/wp-content\/uploads\/2022\/08\/NOWO_28_08-4-of-97-666x1024.jpg\" \/>\n<meta name=\"twitter:card\" content=\"summary_large_image\" \/>\n<meta name=\"twitter:label1\" content=\"Szacowany czas czytania\" \/>\n\t<meta name=\"twitter:data1\" content=\"2 minuty\" \/>\n<script type=\"application\/ld+json\" class=\"yoast-schema-graph\">{\"@context\":\"https:\/\/schema.org\",\"@graph\":[{\"@type\":\"WebPage\",\"@id\":\"https:\/\/pelnapara.pl\/index.php\/dolacz-do-nas\/\",\"url\":\"https:\/\/pelnapara.pl\/index.php\/dolacz-do-nas\/\",\"name\":\"Do\u0142\u0105cz do nas &#8902; Restauracja Pe\u0142n\u0105 Par\u0105\",\"isPartOf\":{\"@id\":\"https:\/\/pelnapara.pl\/#website\"},\"primaryImageOfPage\":{\"@id\":\"https:\/\/pelnapara.pl\/index.php\/dolacz-do-nas\/#primaryimage\"},\"image\":{\"@id\":\"https:\/\/pelnapara.pl\/index.php\/dolacz-do-nas\/#primaryimage\"},\"thumbnailUrl\":\"https:\/\/pelnapara.pl\/wp-content\/uploads\/2022\/08\/NOWO_28_08-4-of-97-666x1024.jpg\",\"datePublished\":\"2021-01-01T21:32:16+00:00\",\"dateModified\":\"2023-03-15T08:41:34+00:00\",\"breadcrumb\":{\"@id\":\"https:\/\/pelnapara.pl\/index.php\/dolacz-do-nas\/#breadcrumb\"},\"inLanguage\":\"pl-PL\",\"potentialAction\":[{\"@type\":\"ReadAction\",\"target\":[\"https:\/\/pelnapara.pl\/index.php\/dolacz-do-nas\/\"]}]},{\"@type\":\"ImageObject\",\"inLanguage\":\"pl-PL\",\"@id\":\"https:\/\/pelnapara.pl\/index.php\/dolacz-do-nas\/#primaryimage\",\"url\":\"https:\/\/pelnapara.pl\/wp-content\/uploads\/2022\/08\/NOWO_28_08-4-of-97.jpg\",\"contentUrl\":\"https:\/\/pelnapara.pl\/wp-content\/uploads\/2022\/08\/NOWO_28_08-4-of-97.jpg\",\"width\":1625,\"height\":2500},{\"@type\":\"BreadcrumbList\",\"@id\":\"https:\/\/pelnapara.pl\/index.php\/dolacz-do-nas\/#breadcrumb\",\"itemListElement\":[{\"@type\":\"ListItem\",\"position\":1,\"name\":\"Strona g\u0142\u00f3wna\",\"item\":\"https:\/\/pelnapara.pl\/\"},{\"@type\":\"ListItem\",\"position\":2,\"name\":\"Do\u0142\u0105cz do nas\"}]},{\"@type\":\"WebSite\",\"@id\":\"https:\/\/pelnapara.pl\/#website\",\"url\":\"https:\/\/pelnapara.pl\/\",\"name\":\"Restauracja Pe\u0142n\u0105 Par\u0105\",\"description\":\"Zapraszamy do azjatyckiej restauracji Pe\u0142n\u0105 Par\u0105\",\"publisher\":{\"@id\":\"https:\/\/pelnapara.pl\/#organization\"},\"potentialAction\":[{\"@type\":\"SearchAction\",\"target\":{\"@type\":\"EntryPoint\",\"urlTemplate\":\"https:\/\/pelnapara.pl\/?s={search_term_string}\"},\"query-input\":{\"@type\":\"PropertyValueSpecification\",\"valueRequired\":true,\"valueName\":\"search_term_string\"}}],\"inLanguage\":\"pl-PL\"},{\"@type\":\"Organization\",\"@id\":\"https:\/\/pelnapara.pl\/#organization\",\"name\":\"Pelna Para\",\"url\":\"https:\/\/pelnapara.pl\/\",\"logo\":{\"@type\":\"ImageObject\",\"inLanguage\":\"pl-PL\",\"@id\":\"https:\/\/pelnapara.pl\/#\/schema\/logo\/image\/\",\"url\":\"https:\/\/pelnapara.pl\/wp-content\/uploads\/2021\/01\/cropped-PelnaPara_ICO.jpg\",\"contentUrl\":\"https:\/\/pelnapara.pl\/wp-content\/uploads\/2021\/01\/cropped-PelnaPara_ICO.jpg\",\"width\":512,\"height\":512,\"caption\":\"Pelna Para\"},\"image\":{\"@id\":\"https:\/\/pelnapara.pl\/#\/schema\/logo\/image\/\"},\"sameAs\":[\"https:\/\/www.facebook.com\/pelnaparananowo\",\"https:\/\/www.instagram.com\/pelna.para\/\"]}]}<\/script>\n<!-- \/ Yoast SEO plugin. -->","yoast_head_json":{"title":"Do\u0142\u0105cz do nas &#8902; Restauracja Pe\u0142n\u0105 Par\u0105","robots":{"index":"index","follow":"follow","max-snippet":"max-snippet:-1","max-image-preview":"max-image-preview:large","max-video-preview":"max-video-preview:-1"},"canonical":"https:\/\/pelnapara.pl\/index.php\/dolacz-do-nas\/","og_locale":"pl_PL","og_type":"article","og_title":"Do\u0142\u0105cz do nas &#8902; Restauracja Pe\u0142n\u0105 Par\u0105","og_description":"Do\u0142\u0105cz do nas! Jedzenie, wino, ludzie &#8211; to po\u0142\u0105czenie sprawia, \u017ce wyj\u015bcie do restauracji nabiera wyj\u0105tkowego znaczenia. Jednak, aby to do\u015bwiadczenie by\u0142o zawsze pozytywne, potrzebna [&hellip;]","og_url":"https:\/\/pelnapara.pl\/index.php\/dolacz-do-nas\/","og_site_name":"Restauracja Pe\u0142n\u0105 Par\u0105","article_publisher":"https:\/\/www.facebook.com\/pelnaparananowo","article_modified_time":"2023-03-15T08:41:34+00:00","og_image":[{"url":"https:\/\/pelnapara.pl\/wp-content\/uploads\/2022\/08\/NOWO_28_08-4-of-97-666x1024.jpg","type":"","width":"","height":""}],"twitter_card":"summary_large_image","twitter_misc":{"Szacowany czas czytania":"2 minuty"},"schema":{"@context":"https:\/\/schema.org","@graph":[{"@type":"WebPage","@id":"https:\/\/pelnapara.pl\/index.php\/dolacz-do-nas\/","url":"https:\/\/pelnapara.pl\/index.php\/dolacz-do-nas\/","name":"Do\u0142\u0105cz do nas &#8902; Restauracja Pe\u0142n\u0105 Par\u0105","isPartOf":{"@id":"https:\/\/pelnapara.pl\/#website"},"primaryImageOfPage":{"@id":"https:\/\/pelnapara.pl\/index.php\/dolacz-do-nas\/#primaryimage"},"image":{"@id":"https:\/\/pelnapara.pl\/index.php\/dolacz-do-nas\/#primaryimage"},"thumbnailUrl":"https:\/\/pelnapara.pl\/wp-content\/uploads\/2022\/08\/NOWO_28_08-4-of-97-666x1024.jpg","datePublished":"2021-01-01T21:32:16+00:00","dateModified":"2023-03-15T08:41:34+00:00","breadcrumb":{"@id":"https:\/\/pelnapara.pl\/index.php\/dolacz-do-nas\/#breadcrumb"},"inLanguage":"pl-PL","potentialAction":[{"@type":"ReadAction","target":["https:\/\/pelnapara.pl\/index.php\/dolacz-do-nas\/"]}]},{"@type":"ImageObject","inLanguage":"pl-PL","@id":"https:\/\/pelnapara.pl\/index.php\/dolacz-do-nas\/#primaryimage","url":"https:\/\/pelnapara.pl\/wp-content\/uploads\/2022\/08\/NOWO_28_08-4-of-97.jpg","contentUrl":"https:\/\/pelnapara.pl\/wp-content\/uploads\/2022\/08\/NOWO_28_08-4-of-97.jpg","width":1625,"height":2500},{"@type":"BreadcrumbList","@id":"https:\/\/pelnapara.pl\/index.php\/dolacz-do-nas\/#breadcrumb","itemListElement":[{"@type":"ListItem","position":1,"name":"Strona g\u0142\u00f3wna","item":"https:\/\/pelnapara.pl\/"},{"@type":"ListItem","position":2,"name":"Do\u0142\u0105cz do nas"}]},{"@type":"WebSite","@id":"https:\/\/pelnapara.pl\/#website","url":"https:\/\/pelnapara.pl\/","name":"Restauracja Pe\u0142n\u0105 Par\u0105","description":"Zapraszamy do azjatyckiej restauracji Pe\u0142n\u0105 Par\u0105","publisher":{"@id":"https:\/\/pelnapara.pl\/#organization"},"potentialAction":[{"@type":"SearchAction","target":{"@type":"EntryPoint","urlTemplate":"https:\/\/pelnapara.pl\/?s={search_term_string}"},"query-input":{"@type":"PropertyValueSpecification","valueRequired":true,"valueName":"search_term_string"}}],"inLanguage":"pl-PL"},{"@type":"Organization","@id":"https:\/\/pelnapara.pl\/#organization","name":"Pelna Para","url":"https:\/\/pelnapara.pl\/","logo":{"@type":"ImageObject","inLanguage":"pl-PL","@id":"https:\/\/pelnapara.pl\/#\/schema\/logo\/image\/","url":"https:\/\/pelnapara.pl\/wp-content\/uploads\/2021\/01\/cropped-PelnaPara_ICO.jpg","contentUrl":"https:\/\/pelnapara.pl\/wp-content\/uploads\/2021\/01\/cropped-PelnaPara_ICO.jpg","width":512,"height":512,"caption":"Pelna Para"},"image":{"@id":"https:\/\/pelnapara.pl\/#\/schema\/logo\/image\/"},"sameAs":["https:\/\/www.facebook.com\/pelnaparananowo","https:\/\/www.instagram.com\/pelna.para\/"]}]}},"_links":{"self":[{"href":"https:\/\/pelnapara.pl\/index.php\/wp-json\/wp\/v2\/pages\/1891","targetHints":{"allow":["GET"]}}],"collection":[{"href":"https:\/\/pelnapara.pl\/index.php\/wp-json\/wp\/v2\/pages"}],"about":[{"href":"https:\/\/pelnapara.pl\/index.php\/wp-json\/wp\/v2\/types\/page"}],"author":[{"embeddable":true,"href":"https:\/\/pelnapara.pl\/index.php\/wp-json\/wp\/v2\/users\/1"}],"replies":[{"embeddable":true,"href":"https:\/\/pelnapara.pl\/index.php\/wp-json\/wp\/v2\/comments?post=1891"}],"version-history":[{"count":20,"href":"https:\/\/pelnapara.pl\/index.php\/wp-json\/wp\/v2\/pages\/1891\/revisions"}],"predecessor-version":[{"id":3481,"href":"https:\/\/pelnapara.pl\/index.php\/wp-json\/wp\/v2\/pages\/1891\/revisions\/3481"}],"wp:attachment":[{"href":"https:\/\/pelnapara.pl\/index.php\/wp-json\/wp\/v2\/media?parent=1891"}],"curies":[{"name":"wp","href":"https:\/\/api.w.org\/{rel}","templated":true}]}}