{"id":1881,"date":"2021-01-01T22:19:43","date_gmt":"2021-01-01T21:19:43","guid":{"rendered":"http:\/\/pelnapara.pl\/?page_id=1881"},"modified":"2023-07-28T09:50:16","modified_gmt":"2023-07-28T07:50:16","slug":"zarezerwuj-stolik","status":"publish","type":"page","link":"https:\/\/pelnapara.pl\/index.php\/zarezerwuj-stolik\/","title":{"rendered":"Zarezerwuj stolik"},"content":{"rendered":"\n\t\t<div \t\t\tclass=\"novablocks-hero novablocks-doppler alignfull novablocks-u-valign-center novablocks-u-halign-center novablocks-u-background novablocks-u-background-dark sm-palette-1 sm-variation-12 scrolling-effect-parallax\"\n\t\t\tstyle=\"--novablocks-block-top-spacing: 1; --novablocks-block-bottom-spacing: 0; --novablocks-emphasis-top-spacing: 0; --novablocks-emphasis-bottom-spacing: 0; --novablocks-hero-text-color: #FFF;min-height: calc(66* var(--novablocks-1vh, 1vh)); \"\n\t\t\tdata-min-height-fallback='66' data-defaults-generated='1' data-block-index='0' data-overlay-filter-strength='20' data-scroll-indicator='' data-position-indicators='1' data-template-inserted='' data-display-inner-content='1' data-palette='1' data-palette-variation='12' data-use-source-color-as-reference='' data-color-signal='3' data-content-color-signal='0' data-content-position='center center' data-focal-point='{&quot;x&quot;:0.5,&quot;y&quot;:0.5}' data-final-focal-point='{&quot;x&quot;:0.5,&quot;y&quot;:0.5}' data-initial-background-scale='1' data-final-background-scale='1' data-scroll-indicator-block='' data-scrolling-effect='parallax' data-motion-preset='standard-dynamic' data-follow-through-start='1' data-follow-through-end='1' data-content-color='#FFF' data-overlay-filter-style='dark' data-emphasis-by-space='1' data-enable-overlapping='' data-block-top-spacing='1' data-block-bottom-spacing='0' data-emphasis-top-spacing='0' data-emphasis-bottom-spacing='0' data-anchor=''\t\t>\n\n\t\t\t\n\t\t\t<div class=\"novablocks-doppler__mask  novablocks-doppler__wrapper\">\n\t\t\t\t<img fetchpriority=\"high\" decoding=\"async\" width=\"1534\" height=\"2300\" src=\"https:\/\/pelnapara.pl\/wp-content\/uploads\/2021\/01\/PP-19-11-85.jpg\" class=\"novablocks-hero__media  novablocks-doppler__target\" alt=\"\" style=\"object-position: 50% 50%;opacity: 0.8; \" srcset=\"https:\/\/pelnapara.pl\/wp-content\/uploads\/2021\/01\/PP-19-11-85.jpg 1534w, https:\/\/pelnapara.pl\/wp-content\/uploads\/2021\/01\/PP-19-11-85-200x300.jpg 200w, https:\/\/pelnapara.pl\/wp-content\/uploads\/2021\/01\/PP-19-11-85-683x1024.jpg 683w, https:\/\/pelnapara.pl\/wp-content\/uploads\/2021\/01\/PP-19-11-85-768x1151.jpg 768w, https:\/\/pelnapara.pl\/wp-content\/uploads\/2021\/01\/PP-19-11-85-1024x1536.jpg 1024w, https:\/\/pelnapara.pl\/wp-content\/uploads\/2021\/01\/PP-19-11-85-1366x2048.jpg 1366w, https:\/\/pelnapara.pl\/wp-content\/uploads\/2021\/01\/PP-19-11-85-167x250.jpg 167w, https:\/\/pelnapara.pl\/wp-content\/uploads\/2021\/01\/PP-19-11-85-911x1366.jpg 911w, https:\/\/pelnapara.pl\/wp-content\/uploads\/2021\/01\/PP-19-11-85-512x768.jpg 512w, https:\/\/pelnapara.pl\/wp-content\/uploads\/2021\/01\/PP-19-11-85-320x480.jpg 320w\" sizes=\"(max-width: 1534px) 100vw, 1534px\" \/>\n\t\t\t\t\t\t\t<\/div>\n            <div class=\"novablocks-hero__foreground novablocks-doppler__foreground novablocks-u-content-padding novablocks-u-content-align\" style=\"min-height: calc(66 * var(--novablocks-1vh, 1vh)); \">\n                <div class=\"novablocks-hero__inner-container wp-block-group__inner-container novablocks-u-content-width\" style=\"\">\n\t\t\t\t\t\n\n<div class=\"wp-block-group alignwide sm-palette-1 sm-color-signal-0\" style=\"--novablocks-emphasis-top-spacing:0;--novablocks-emphasis-bottom-spacing:0;--novablocks-block-top-spacing:1;--novablocks-block-bottom-spacing:0;--novablocks-block-zindex:0\" data-palette=\"1\" data-palette-variation=\"11\" data-color-signal=\"0\"><div class=\"wp-block-group__inner-container is-layout-flow wp-block-group-is-layout-flow\">\n<h1 class=\"wp-block-novablocks-headline c-headline has-text-align-center has-larger-font-size\"><span class=\"c-headline__secondary\">Zarezerwuj<\/span> <span class=\"c-headline__primary\">Stolik<\/span><\/h1>\n\n\n\n<p class=\"has-text-align-center\"><\/p>\n<\/div><\/div>\n\n                <\/div>\n\t\t\t\t            <\/div>\n\n\t\t\t\n        <\/div>\n\n\t\t\n\n\n<div class=\"wp-block-columns is-layout-flex wp-container-core-columns-is-layout-2 wp-block-columns-is-layout-flex\">\n<div class=\"wp-block-column is-layout-flow wp-block-column-is-layout-flow\" style=\"flex-basis:100%\">\n<div class=\"wp-block-columns alignwide is-layout-flex wp-container-core-columns-is-layout-1 wp-block-columns-is-layout-flex\">\n<div class=\"wp-block-column is-layout-flow wp-block-column-is-layout-flow\" style=\"flex-basis:100%\">\n<h2 class=\"has-text-align-center has-normal-font-size wp-block-heading\" id=\"zapraszamy-do-rezerwacji-stolikow\">Zapraszamy do rezerwacji stolik\u00f3w!<\/h2>\n\n\n\n<p><\/p>\n\n\n\n<p><\/p>\n\n\n\n<h3 class=\"has-text-align-center has-normal-font-size wp-block-heading\" id=\"wybierz-jedna-z-trzech-restauracji\"><mark style=\"background-color:rgba(0, 0, 0, 0)\" class=\"has-inline-color has-sm-dark-tertiary-color\">Wybierz jedn\u0105 z czterech restauracji!<\/mark><\/h3>\n\n\n\n<p><\/p>\n<\/div>\n<\/div>\n<\/div>\n<\/div>\n\n\n\n<div class=\"wp-block-columns alignwide is-layout-flex wp-container-core-columns-is-layout-3 wp-block-columns-is-layout-flex\">\n<div class=\"wp-block-column is-layout-flow wp-block-column-is-layout-flow\" style=\"flex-basis:25.15%\">\n<p><strong>Nowowiejska 10 (Centrum)<\/strong><\/p>\n\n\n\n<p>Zlokalizowana w pobli\u017cu t\u0119tni\u0105cego \u017cyciem Placu Konstytucji i Placu Zbawiciela jest idealnym miejscem na szybki lunch, wieczorne spotkanie z przyjaci\u00f3\u0142mi przy pysznych koktajlach, kolacj\u0119 we dwoje lub niedzielny rodzinny obiad z animatork\u0105 dla dzieci. Rozplanowana na dw\u00f3ch pi\u0119trach, a w&nbsp;weekendy i tak cz\u0119sto p\u0119ka w szwach. To miejsce, w kt\u00f3rym rz\u0105dzi dobra kuchnia i dobra energia.<\/p>\n\n\n\n<p><mark style=\"background-color:rgba(0, 0, 0, 0)\" class=\"has-inline-color has-sm-dark-tertiary-color\">Zapraszamy do skorzystania z systemu rezerwacji online:<\/mark><\/p>\n\n\n\n<div class=\"wp-block-buttons alignfull is-horizontal is-content-justification-center is-layout-flex wp-container-core-buttons-is-layout-1 wp-block-buttons-is-layout-flex\">\n<div class=\"wp-block-button is-style-text\"><a class=\"wp-block-button__link\" href=\"https:\/\/www.mojstolik.pl\/restauracja\/pe-n-par-\/2a76cff689e6b9e7aca7080e77a698e7\/\" target=\"_blank\" rel=\"noreferrer noopener\"><strong><span class=\"has-inline-color has-sm-color-primary-color\">M\u00f3j Stolik<\/span><\/strong><\/a><\/div>\n<\/div>\n\n\n\n<p class=\"has-text-align-center\"><a href=\"tel:515166648\"><mark style=\"background-color:rgba(0, 0, 0, 0)\" class=\"has-inline-color has-sm-light-secondary-color\"><\/mark><\/a><a href=\"tel:222302243\">22 230 22 43<\/a><\/p>\n<\/div>\n\n\n\n<div class=\"wp-block-column is-layout-flow wp-block-column-is-layout-flow\" style=\"flex-basis:24.92%\">\n<p><strong>Sienna 76 (Wola)<\/strong><\/p>\n\n\n\n<p>Ma\u0142y, przytulny dim sum bar, w spokojnej okolicy, a jednak&nbsp;t\u0119tni\u0105cy \u017cyciem.<\/p>\n\n\n\n<p>Doskona\u0142e miejsce na szybki lunch lub wieczorne spotkanie tu\u017c przed wizyt\u0105 w pobliskim teatrze na Woli. Kr\u00f3tkie, starannie wyselekcjonowane menu zaskoczy Ci\u0119 doskona\u0142ymi smakami, a przyjemne i delikatne wn\u0119trze pozwoli Ci si\u0119 zrelaksowa\u0107.<\/p>\n\n\n\n<p>To tu zacz\u0119\u0142a si\u0119 nasza przygoda z gastronomi\u0105!<\/p>\n\n\n\n<p>Zapraszamy do skorzystania z systemu rezerwacji online:<\/p>\n\n\n\n<div class=\"wp-block-buttons is-horizontal is-content-justification-center is-layout-flex wp-container-core-buttons-is-layout-2 wp-block-buttons-is-layout-flex\">\n<div class=\"wp-block-button is-style-text\"><a class=\"wp-block-button__link\" href=\"https:\/\/mojstolik.pl\/restauracja\/pe-n-par-\/7286f483c57337688170c4bb4d568e9a\/\" target=\"_blank\" rel=\"noreferrer noopener\"><strong>M\u00f3j Stolik<\/strong><\/a><\/div>\n<\/div>\n\n\n\n<p class=\"has-text-align-center\"><mark style=\"background-color:rgba(0, 0, 0, 0)\" class=\"has-inline-color has-sm-light-secondary-color\"><a href=\"tel:226203010\">22 230 24 92<\/a> <\/mark><a href=\"mailto:sienna@pelnapara.pl\"><mark style=\"background-color:rgba(0, 0, 0, 0)\" class=\"has-inline-color has-sm-light-secondary-color\"><\/mark><\/a><\/p>\n<\/div>\n\n\n\n<div class=\"wp-block-column is-layout-flow wp-block-column-is-layout-flow\" style=\"flex-basis:24.92%\">\n<p><strong>Zaj\u0119cza 2b (Powi\u015ble)<\/strong><\/p>\n\n\n\n<p>Nowoczesna, ale bardzo klimatyczna restauracja w kompleksie Elektrownia Powi\u015ble.<\/p>\n\n\n\n<p>Doskona\u0142e miejsce na szybki azjatycki lunch, przyjemne wieczorne spotkanie lub chwil\u0119 relaksu po lub w trakcie spaceru po Bulwarach Wi\u015blanych.&nbsp; Starannie wyselekcjonowane menu zaskoczy Ci\u0119 doskona\u0142ymi smakami, a na barze&nbsp;opr\u00f3cz tradycyjnych koktajli, znajdziesz kilka&nbsp; niezwyk\u0142ych po\u0142\u0105cze\u0144 z azjatyck\u0105 nut\u0105.<\/p>\n\n\n\n<p>Latem zapraszamy do du\u017cego, otoczonego zieleni\u0105 ogr\u00f3dka.<\/p>\n\n\n\n<div class=\"wp-block-buttons is-content-justification-center is-layout-flex wp-container-core-buttons-is-layout-3 wp-block-buttons-is-layout-flex\">\n<div class=\"wp-block-button is-style-text\"><a class=\"wp-block-button__link\" href=\"https:\/\/www.mojstolik.pl\/restauracja\/pe-n-par-powi-le\/70f76dc26f0ab758d248cf0819574cb8\/\" target=\"_blank\" rel=\"noreferrer noopener\"><strong>M\u00f3j Stolik<\/strong><\/a><\/div>\n<\/div>\n\n\n\n<p class=\"has-text-align-center\">                       <a href=\"tel:516%20088%20333\"><mark style=\"background-color:rgba(0, 0, 0, 0)\" class=\"has-inline-color has-sm-light-secondary-color\">22 230 24 47<\/mark><\/a><\/p>\n\n\n\n<p class=\"has-text-align-center\">               <\/p>\n\n\n\n<p><\/p>\n<\/div>\n\n\n\n<div class=\"wp-block-column is-layout-flow wp-block-column-is-layout-flow\" style=\"flex-basis:25%\">\n<p><strong>Olkuska 7 (Mokot\u00f3w)<\/strong><\/p>\n\n\n\n<p>Niezwykle urokliwa restauracja, kt\u00f3ra doskonale oddaje ducha warszawskiej dzielnicy Mokot\u00f3w.<\/p>\n\n\n\n<p>Zaskoczymy Was naszymi kultowymi piero\u017ckami na parze, ale tak\u017ce ca\u0142kowicie nowymi specja\u0142ami, kt\u00f3rych jeszcze nie by\u0142o w restauracji Pe\u0142n\u0105 Par\u0105!<\/p>\n\n\n\n<p>Pi\u0119kny, jasny wystr\u00f3j lokalu sprawi, \u017ce poczujecie si\u0119 tu b\u0142ogo i przytulnie. Idealnie na popo\u0142udniowe lub wieczorne wyj\u015bcie z najbli\u017cszymi.<\/p>\n\n\n\n<div class=\"wp-block-buttons is-content-justification-center is-layout-flex wp-container-core-buttons-is-layout-4 wp-block-buttons-is-layout-flex\">\n<div class=\"wp-block-button is-style-text\"><a class=\"wp-block-button__link\" href=\"https:\/\/mojstolik.pl\/restauracja\/pe-n-par-mokotow\/da3be43900fc4d51ef7c697332d02142\/\" target=\"_blank\" rel=\"noreferrer noopener\"><strong>M\u00f3j Stolik<\/strong><\/a><\/div>\n\n\n<\/div>\n\n\n\n<p class=\"has-text-align-center\"><a href=\"tel:22 230 24 19\">22 230 24 19<\/a><\/p>\n<\/div>\n<\/div>\n\n\n\n\t\t<div \t\t\tclass=\"novablocks-hero novablocks-doppler alignfull novablocks-u-valign-center novablocks-u-halign-center novablocks-u-background novablocks-u-background-dark sm-palette-1 sm-variation-12 scrolling-effect-parallax\"\n\t\t\tstyle=\"--novablocks-block-top-spacing: 1; --novablocks-block-bottom-spacing: 0; --novablocks-emphasis-top-spacing: 0; --novablocks-emphasis-bottom-spacing: 0; --novablocks-hero-text-color: #FFF;min-height: calc(66* var(--novablocks-1vh, 1vh)); \"\n\t\t\tdata-min-height-fallback='66' data-defaults-generated='1' data-block-index='3' data-scroll-indicator='' data-position-indicators='1' data-template-inserted='' data-display-inner-content='1' data-palette='1' data-palette-variation='12' data-use-source-color-as-reference='' data-color-signal='3' data-content-color-signal='0' data-content-position='center center' data-focal-point='{&quot;x&quot;:0.5,&quot;y&quot;:0.5}' data-final-focal-point='{&quot;x&quot;:0.5,&quot;y&quot;:0.5}' data-initial-background-scale='1' data-final-background-scale='1' data-scroll-indicator-block='' data-scrolling-effect='parallax' data-motion-preset='standard-dynamic' data-follow-through-start='1' data-follow-through-end='1' data-content-color='#FFF' data-overlay-filter-style='dark' data-overlay-filter-strength='30' data-emphasis-by-space='1' data-enable-overlapping='' data-block-top-spacing='1' data-block-bottom-spacing='0' data-emphasis-top-spacing='0' data-emphasis-bottom-spacing='0' data-anchor=''\t\t>\n\n\t\t\t\n\t\t\t<div class=\"novablocks-doppler__mask  novablocks-doppler__wrapper\">\n\t\t\t\t<img decoding=\"async\" width=\"1251\" height=\"1875\" data-src=\"https:\/\/pelnapara.pl\/wp-content\/uploads\/2021\/01\/106769014_3102408583184861_8018832992568950864_o.jpg\" class=\"novablocks-hero__media  novablocks-doppler__target lazyload\" alt=\"\" style=\"--smush-placeholder-width: 1251px; --smush-placeholder-aspect-ratio: 1251\/1875;object-position: 50% 50%;opacity: 0.7;\" data-srcset=\"https:\/\/pelnapara.pl\/wp-content\/uploads\/2021\/01\/106769014_3102408583184861_8018832992568950864_o.jpg 1251w, https:\/\/pelnapara.pl\/wp-content\/uploads\/2021\/01\/106769014_3102408583184861_8018832992568950864_o-200x300.jpg 200w, https:\/\/pelnapara.pl\/wp-content\/uploads\/2021\/01\/106769014_3102408583184861_8018832992568950864_o-683x1024.jpg 683w, https:\/\/pelnapara.pl\/wp-content\/uploads\/2021\/01\/106769014_3102408583184861_8018832992568950864_o-768x1151.jpg 768w, https:\/\/pelnapara.pl\/wp-content\/uploads\/2021\/01\/106769014_3102408583184861_8018832992568950864_o-1025x1536.jpg 1025w, https:\/\/pelnapara.pl\/wp-content\/uploads\/2021\/01\/106769014_3102408583184861_8018832992568950864_o-167x250.jpg 167w, https:\/\/pelnapara.pl\/wp-content\/uploads\/2021\/01\/106769014_3102408583184861_8018832992568950864_o-911x1366.jpg 911w, https:\/\/pelnapara.pl\/wp-content\/uploads\/2021\/01\/106769014_3102408583184861_8018832992568950864_o-512x768.jpg 512w, https:\/\/pelnapara.pl\/wp-content\/uploads\/2021\/01\/106769014_3102408583184861_8018832992568950864_o-320x480.jpg 320w\" data-sizes=\"(max-width: 1251px) 100vw, 1251px\" src=\"data:image\/svg+xml;base64,PHN2ZyB3aWR0aD0iMSIgaGVpZ2h0PSIxIiB4bWxucz0iaHR0cDovL3d3dy53My5vcmcvMjAwMC9zdmciPjwvc3ZnPg==\" \/>\n\t\t\t\t\t\t\t<\/div>\n            <div class=\"novablocks-hero__foreground novablocks-doppler__foreground novablocks-u-content-padding novablocks-u-content-align\" style=\"min-height: calc(66 * var(--novablocks-1vh, 1vh)); \">\n                <div class=\"novablocks-hero__inner-container wp-block-group__inner-container novablocks-u-content-width\" style=\"\">\n\t\t\t\t\t\n\n<div class=\"wp-block-group alignwide sm-palette-1 sm-color-signal-0\" style=\"--novablocks-emphasis-top-spacing:0;--novablocks-emphasis-bottom-spacing:0;--novablocks-block-top-spacing:1;--novablocks-block-bottom-spacing:0;--novablocks-block-zindex:0\" data-palette=\"1\" data-palette-variation=\"11\" data-color-signal=\"0\"><div class=\"wp-block-group__inner-container is-layout-flow wp-block-group-is-layout-flow\">\n<h1 class=\"wp-block-novablocks-headline c-headline has-text-align-center has-larger-font-size\"><span class=\"c-headline__secondary\">Czekamy<\/span> <span class=\"c-headline__primary\">Na Ciebie<\/span><\/h1>\n\n\n\n<p class=\"has-text-align-center\"><\/p>\n<\/div><\/div>\n\n                <\/div>\n\t\t\t\t            <\/div>\n\n\t\t\t\n        <\/div>\n\n\t\t\n\n\n<p><\/p>\n","protected":false},"excerpt":{"rendered":"<p>Zapraszamy do rezerwacji stolik\u00f3w! Wybierz jedn\u0105 z czterech restauracji! Nowowiejska 10 (Centrum) Zlokalizowana w pobli\u017cu t\u0119tni\u0105cego \u017cyciem Placu Konstytucji i Placu Zbawiciela jest idealnym miejscem [&hellip;]<\/p>\n","protected":false},"author":1,"featured_media":0,"parent":0,"menu_order":0,"comment_status":"closed","ping_status":"closed","template":"","meta":{"novablocks_hero_scroll_indicator":false,"novablocks_hero_position_indicators":false,"ngg_post_thumbnail":0,"footnotes":""},"class_list":["post-1881","page","type-page","status-publish","hentry"],"yoast_head":"<!-- This site is optimized with the Yoast SEO plugin v26.8 - https:\/\/yoast.com\/product\/yoast-seo-wordpress\/ -->\n<title>Zarezerwuj stolik &#8902; Restauracja Pe\u0142n\u0105 Par\u0105<\/title>\n<meta name=\"robots\" content=\"index, follow, max-snippet:-1, max-image-preview:large, max-video-preview:-1\" \/>\n<link rel=\"canonical\" href=\"https:\/\/pelnapara.pl\/index.php\/zarezerwuj-stolik\/\" \/>\n<meta property=\"og:locale\" content=\"pl_PL\" \/>\n<meta property=\"og:type\" content=\"article\" \/>\n<meta property=\"og:title\" content=\"Zarezerwuj stolik &#8902; Restauracja Pe\u0142n\u0105 Par\u0105\" \/>\n<meta property=\"og:description\" content=\"Zapraszamy do rezerwacji stolik\u00f3w! Wybierz jedn\u0105 z czterech restauracji! Nowowiejska 10 (Centrum) Zlokalizowana w pobli\u017cu t\u0119tni\u0105cego \u017cyciem Placu Konstytucji i Placu Zbawiciela jest idealnym miejscem [&hellip;]\" \/>\n<meta property=\"og:url\" content=\"https:\/\/pelnapara.pl\/index.php\/zarezerwuj-stolik\/\" \/>\n<meta property=\"og:site_name\" content=\"Restauracja Pe\u0142n\u0105 Par\u0105\" \/>\n<meta property=\"article:publisher\" content=\"https:\/\/www.facebook.com\/pelnaparananowo\" \/>\n<meta property=\"article:modified_time\" content=\"2023-07-28T07:50:16+00:00\" \/>\n<meta name=\"twitter:card\" content=\"summary_large_image\" \/>\n<meta name=\"twitter:label1\" content=\"Szacowany czas czytania\" \/>\n\t<meta name=\"twitter:data1\" content=\"2 minuty\" \/>\n<script type=\"application\/ld+json\" class=\"yoast-schema-graph\">{\"@context\":\"https:\/\/schema.org\",\"@graph\":[{\"@type\":\"WebPage\",\"@id\":\"https:\/\/pelnapara.pl\/index.php\/zarezerwuj-stolik\/\",\"url\":\"https:\/\/pelnapara.pl\/index.php\/zarezerwuj-stolik\/\",\"name\":\"Zarezerwuj stolik &#8902; Restauracja Pe\u0142n\u0105 Par\u0105\",\"isPartOf\":{\"@id\":\"https:\/\/pelnapara.pl\/#website\"},\"datePublished\":\"2021-01-01T21:19:43+00:00\",\"dateModified\":\"2023-07-28T07:50:16+00:00\",\"breadcrumb\":{\"@id\":\"https:\/\/pelnapara.pl\/index.php\/zarezerwuj-stolik\/#breadcrumb\"},\"inLanguage\":\"pl-PL\",\"potentialAction\":[{\"@type\":\"ReadAction\",\"target\":[\"https:\/\/pelnapara.pl\/index.php\/zarezerwuj-stolik\/\"]}]},{\"@type\":\"BreadcrumbList\",\"@id\":\"https:\/\/pelnapara.pl\/index.php\/zarezerwuj-stolik\/#breadcrumb\",\"itemListElement\":[{\"@type\":\"ListItem\",\"position\":1,\"name\":\"Strona g\u0142\u00f3wna\",\"item\":\"https:\/\/pelnapara.pl\/\"},{\"@type\":\"ListItem\",\"position\":2,\"name\":\"Zarezerwuj stolik\"}]},{\"@type\":\"WebSite\",\"@id\":\"https:\/\/pelnapara.pl\/#website\",\"url\":\"https:\/\/pelnapara.pl\/\",\"name\":\"Restauracja Pe\u0142n\u0105 Par\u0105\",\"description\":\"Zapraszamy do azjatyckiej restauracji Pe\u0142n\u0105 Par\u0105\",\"publisher\":{\"@id\":\"https:\/\/pelnapara.pl\/#organization\"},\"potentialAction\":[{\"@type\":\"SearchAction\",\"target\":{\"@type\":\"EntryPoint\",\"urlTemplate\":\"https:\/\/pelnapara.pl\/?s={search_term_string}\"},\"query-input\":{\"@type\":\"PropertyValueSpecification\",\"valueRequired\":true,\"valueName\":\"search_term_string\"}}],\"inLanguage\":\"pl-PL\"},{\"@type\":\"Organization\",\"@id\":\"https:\/\/pelnapara.pl\/#organization\",\"name\":\"Pelna Para\",\"url\":\"https:\/\/pelnapara.pl\/\",\"logo\":{\"@type\":\"ImageObject\",\"inLanguage\":\"pl-PL\",\"@id\":\"https:\/\/pelnapara.pl\/#\/schema\/logo\/image\/\",\"url\":\"https:\/\/pelnapara.pl\/wp-content\/uploads\/2021\/01\/cropped-PelnaPara_ICO.jpg\",\"contentUrl\":\"https:\/\/pelnapara.pl\/wp-content\/uploads\/2021\/01\/cropped-PelnaPara_ICO.jpg\",\"width\":512,\"height\":512,\"caption\":\"Pelna Para\"},\"image\":{\"@id\":\"https:\/\/pelnapara.pl\/#\/schema\/logo\/image\/\"},\"sameAs\":[\"https:\/\/www.facebook.com\/pelnaparananowo\",\"https:\/\/www.instagram.com\/pelna.para\/\"]}]}<\/script>\n<!-- \/ Yoast SEO plugin. -->","yoast_head_json":{"title":"Zarezerwuj stolik &#8902; Restauracja Pe\u0142n\u0105 Par\u0105","robots":{"index":"index","follow":"follow","max-snippet":"max-snippet:-1","max-image-preview":"max-image-preview:large","max-video-preview":"max-video-preview:-1"},"canonical":"https:\/\/pelnapara.pl\/index.php\/zarezerwuj-stolik\/","og_locale":"pl_PL","og_type":"article","og_title":"Zarezerwuj stolik &#8902; Restauracja Pe\u0142n\u0105 Par\u0105","og_description":"Zapraszamy do rezerwacji stolik\u00f3w! Wybierz jedn\u0105 z czterech restauracji! Nowowiejska 10 (Centrum) Zlokalizowana w pobli\u017cu t\u0119tni\u0105cego \u017cyciem Placu Konstytucji i Placu Zbawiciela jest idealnym miejscem [&hellip;]","og_url":"https:\/\/pelnapara.pl\/index.php\/zarezerwuj-stolik\/","og_site_name":"Restauracja Pe\u0142n\u0105 Par\u0105","article_publisher":"https:\/\/www.facebook.com\/pelnaparananowo","article_modified_time":"2023-07-28T07:50:16+00:00","twitter_card":"summary_large_image","twitter_misc":{"Szacowany czas czytania":"2 minuty"},"schema":{"@context":"https:\/\/schema.org","@graph":[{"@type":"WebPage","@id":"https:\/\/pelnapara.pl\/index.php\/zarezerwuj-stolik\/","url":"https:\/\/pelnapara.pl\/index.php\/zarezerwuj-stolik\/","name":"Zarezerwuj stolik &#8902; Restauracja Pe\u0142n\u0105 Par\u0105","isPartOf":{"@id":"https:\/\/pelnapara.pl\/#website"},"datePublished":"2021-01-01T21:19:43+00:00","dateModified":"2023-07-28T07:50:16+00:00","breadcrumb":{"@id":"https:\/\/pelnapara.pl\/index.php\/zarezerwuj-stolik\/#breadcrumb"},"inLanguage":"pl-PL","potentialAction":[{"@type":"ReadAction","target":["https:\/\/pelnapara.pl\/index.php\/zarezerwuj-stolik\/"]}]},{"@type":"BreadcrumbList","@id":"https:\/\/pelnapara.pl\/index.php\/zarezerwuj-stolik\/#breadcrumb","itemListElement":[{"@type":"ListItem","position":1,"name":"Strona g\u0142\u00f3wna","item":"https:\/\/pelnapara.pl\/"},{"@type":"ListItem","position":2,"name":"Zarezerwuj stolik"}]},{"@type":"WebSite","@id":"https:\/\/pelnapara.pl\/#website","url":"https:\/\/pelnapara.pl\/","name":"Restauracja Pe\u0142n\u0105 Par\u0105","description":"Zapraszamy do azjatyckiej restauracji Pe\u0142n\u0105 Par\u0105","publisher":{"@id":"https:\/\/pelnapara.pl\/#organization"},"potentialAction":[{"@type":"SearchAction","target":{"@type":"EntryPoint","urlTemplate":"https:\/\/pelnapara.pl\/?s={search_term_string}"},"query-input":{"@type":"PropertyValueSpecification","valueRequired":true,"valueName":"search_term_string"}}],"inLanguage":"pl-PL"},{"@type":"Organization","@id":"https:\/\/pelnapara.pl\/#organization","name":"Pelna Para","url":"https:\/\/pelnapara.pl\/","logo":{"@type":"ImageObject","inLanguage":"pl-PL","@id":"https:\/\/pelnapara.pl\/#\/schema\/logo\/image\/","url":"https:\/\/pelnapara.pl\/wp-content\/uploads\/2021\/01\/cropped-PelnaPara_ICO.jpg","contentUrl":"https:\/\/pelnapara.pl\/wp-content\/uploads\/2021\/01\/cropped-PelnaPara_ICO.jpg","width":512,"height":512,"caption":"Pelna Para"},"image":{"@id":"https:\/\/pelnapara.pl\/#\/schema\/logo\/image\/"},"sameAs":["https:\/\/www.facebook.com\/pelnaparananowo","https:\/\/www.instagram.com\/pelna.para\/"]}]}},"_links":{"self":[{"href":"https:\/\/pelnapara.pl\/index.php\/wp-json\/wp\/v2\/pages\/1881","targetHints":{"allow":["GET"]}}],"collection":[{"href":"https:\/\/pelnapara.pl\/index.php\/wp-json\/wp\/v2\/pages"}],"about":[{"href":"https:\/\/pelnapara.pl\/index.php\/wp-json\/wp\/v2\/types\/page"}],"author":[{"embeddable":true,"href":"https:\/\/pelnapara.pl\/index.php\/wp-json\/wp\/v2\/users\/1"}],"replies":[{"embeddable":true,"href":"https:\/\/pelnapara.pl\/index.php\/wp-json\/wp\/v2\/comments?post=1881"}],"version-history":[{"count":26,"href":"https:\/\/pelnapara.pl\/index.php\/wp-json\/wp\/v2\/pages\/1881\/revisions"}],"predecessor-version":[{"id":3641,"href":"https:\/\/pelnapara.pl\/index.php\/wp-json\/wp\/v2\/pages\/1881\/revisions\/3641"}],"wp:attachment":[{"href":"https:\/\/pelnapara.pl\/index.php\/wp-json\/wp\/v2\/media?parent=1881"}],"curies":[{"name":"wp","href":"https:\/\/api.w.org\/{rel}","templated":true}]}}