{"id":154,"date":"2014-06-02T08:13:59","date_gmt":"2014-06-02T06:13:59","guid":{"rendered":""},"modified":"2024-06-06T14:29:07","modified_gmt":"2024-06-06T12:29:07","slug":"polityka-prywatnosci","status":"publish","type":"page","link":"https:\/\/pelnapara.pl\/index.php\/polityka-prywatnosci\/","title":{"rendered":"Polityka Prywatno\u015bci"},"content":{"rendered":"\n<div class=\"wp-block-columns alignwide is-layout-flex wp-container-core-columns-is-layout-1 wp-block-columns-is-layout-flex\">\n<div class=\"wp-block-column is-layout-flow wp-block-column-is-layout-flow\" style=\"flex-basis:100%\">\n<h1 class=\"font_0\">Polityka prywatno\u015bci<\/h1>\n<p class=\"font_8\">&nbsp;<\/p>\n<h2 class=\"font_2\">Wst\u0119p<\/h2>\n<p>Nasz firma przyk\u0142ada du\u017c\u0105 wag\u0119 do ochrony Twojej prywatno\u015bci. Pragniemy zapewni\u0107, \u017ce traktujemy Twoje dane ze staranno\u015bci\u0105 i uwzgl\u0119dnieniem zobowi\u0105za\u0144 wynikaj\u0105cych z obowi\u0105zuj\u0105cych przepis\u00f3w dotycz\u0105cych ochrony danych osobowych, w szczeg\u00f3lno\u015bci Og\u00f3lnego Rozporz\u0105dzenia dotycz\u0105cego Ochrony Danych Osobowych (\u201eRODO\u201d). Dbaj\u0105c o bezpiecze\u0144stwo danych osobowych, informujemy, i\u017c wdro\u017cyli\u015bmy odpowiednie procedury techniczne i organizacyjne maj\u0105ce na celu zabezpieczenie zbieranych informacji.<\/p>\n<p>Niniejsza Polityka Prywatno\u015bci ma na celu pom\u00f3c naszym u\u017cytkownikom zrozumie\u0107 nasze praktyki w zakresie ochrony prywatno\u015bci.<\/p>\n<p>W niniejszej polityce opisano, jakie informacje zbieramy, w jaki spos\u00f3b z nich korzystamy i je udost\u0119pniamy, oraz o uprawnieniach, kt\u00f3re przys\u0142uguj\u0105 Ci w zwi\u0105zku z przetwarzaniem Twoich danych osobowych przez OLTA Sp. z o.o.<\/p>\n<p>Polityka obowi\u0105zuje wszystkich u\u017cytkownik\u00f3w naszego serwisu zam\u00f3wie\u0144 online (\u201eSerwis\u201d), a tak\u017ce wszystkich odwiedzaj\u0105cych nasze strony internetowe oraz kontaktuj\u0105cych si\u0119 z nami drog\u0105 telefoniczn\u0105, elektroniczn\u0105 i\/lub mailow\u0105 i przekazuj\u0105cych nam w ten spos\u00f3b swoje dane osobowe.<\/p>\n<p class=\"font_8\">Administratorem danych osobowych gromadzonych zgodnie z niniejsz\u0105 Polityk\u0105 Prywatno\u015bci jest OLTA sp. z o.o. z siedzib\u0105 w Warszawie, przy ul Nowowiejskiej 10 U62 Warszawa, zarejestrowana przez S\u0105d Rejonowy dla M. St. Warszawy w Warszawie, XII Wydzia\u0142 Gospodarczy, pod numerem KRS: 0000966520.<\/p>\n<p class=\"font_8\">&nbsp;<\/p>\n<h2 class=\"font_2\">Dane osobowe, kt\u00f3re przetwarzamy<\/h2>\n<p>Odwiedzaj\u0105c nasze strony internetowe, sk\u0142adaj\u0105c zam\u00f3wienie, anuluj\u0105c zam\u00f3wienie, prosz\u0105c o wystawienie faktury, rezerwuj\u0105c stolik, wysy\u0142aj\u0105c zapytanie ofertowe, sk\u0142adaj\u0105c reklamacj\u0119 lub po prostu kontaktuj\u0105c si\u0119 z nami, przekazujesz nam swoje dane osobowe.<\/p>\n<p>Przetwarzamy, w szczeg\u00f3lno\u015bci nast\u0119puj\u0105ce dane osobowe:<\/p>\n<ul>\n<li>Imi\u0119 i nazwisko<\/li>\n<li>Adres<\/li>\n<li>Numer telefonu<\/li>\n<li>Adres e-mail<\/li>\n<li>Miejscowo\u015b\u0107<\/li>\n<li>NIP<\/li>\n<li>Informacje dotycz\u0105ce Twojej aktywno\u015bci na naszej stronie internetowej<\/li>\n<li>Adres IP<\/li>\n<li>Przegl\u0105darka internetowa i rodzaj urz\u0105dzenia, z kt\u00f3rego korzystasz<\/li>\n<li>Twoje preferencje \u017cywieniowe np. alergie zgodnie z instrukcjami podanymi w Twoim zam\u00f3wieniu lub zapytaniu ofertowym<\/li>\n<\/ul>\n<p>Pami\u0119taj, i\u017c podawanie przez Ciebie danych osobowych jest zawsze dobrowolne, jednak niezb\u0119dne dla skorzystania z naszych us\u0142ug lub uzyskania odpowiedzi na zadane przez Ciebie pytania.<\/p>\n<p>Sk\u0142adaj\u0105c zam\u00f3wienie mailowo i\/lub telefonicznie na produkty oferowane przez nasze restauracje, kieruj\u0105c do nas zapytanie ofertowe, sk\u0142adaj\u0105c reklamacj\u0119 lub po prostu kontaktuj\u0105c si\u0119 z nami o\u015bwiadczasz, i\u017c wyra\u017casz zgod\u0119 na&nbsp;przetwarzanie przez nas swoich danych osobowych, zgodnie z nasz\u0105 polityka prywatno\u015bci.<\/p>\n<p>Serwis wykorzystuje pliki cookies. Dodatkowe informacje dotycz\u0105ce wykorzystywanych przez nas plik\u00f3w cookies znajduj\u0105 si\u0119 w naszym o\u015bwiadczeniu.<\/p>\n<p class=\"font_8\">&nbsp;<\/p>\n<h2 class=\"font_2\">Cel i zakres wykorzystywania Twoich danych osobowych<\/h2>\n<p>Sk\u0142adanie zam\u00f3wienia:<\/p>\n<p>Sk\u0142adaj\u0105c zam\u00f3wienie, musisz poda\u0107 swoje dane osobowe niezb\u0119dne do realizacji zam\u00f3wienia, tj. imi\u0119 i&nbsp;nazwisko, adres e-mail, numer telefonu i&nbsp;adres do dostawy zam\u00f3wienia. Mo\u017cesz r\u00f3wnie\u017c poda\u0107 dodatkowe dane, takie jak preferencje \u017cywieniowe, alergie oraz informacje o&nbsp;prowadzonej dzia\u0142alno\u015bci gospodarczej.<\/p>\n<p>Podstaw\u0105 prawn\u0105 przetwarzania Twoich danych osobowych zawartych w&nbsp;zam\u00f3wieniu jest wykonanie umowy i realizacja z\u0142o\u017conego zam\u00f3wienia.<\/p>\n<p>Dane podane w&nbsp;formularzu zam\u00f3wienia zostan\u0105 zapisane w&nbsp;bazie i&nbsp;b\u0119d\u0105 w&nbsp;niej przechowywane do czasu przedawnienia roszcze\u0144 z&nbsp;tytu\u0142u zawartej umowy. Ka\u017cde zam\u00f3wienie odnotowywane jest jako odr\u0119bna pozycja w&nbsp;bazie. Opr\u00f3cz danych osobowych odnotowywane s\u0105 r\u00f3wnie\u017c szczeg\u00f3\u0142y zam\u00f3wienia takie jak data z\u0142o\u017cenia zam\u00f3wienia, przedmiot i&nbsp;warto\u015b\u0107 zam\u00f3wienia, wybrany spos\u00f3b dostawy i&nbsp;p\u0142atno\u015bci.<\/p>\n<p>Faktury:<\/p>\n<p>Je\u017celi w&nbsp;zwi\u0105zku ze z\u0142o\u017conym zam\u00f3wieniem, wystawiamy Ci faktur\u0119, to w&nbsp;tym celu przetwarzamy Twoje dane osobowe w&nbsp;zakresie niezb\u0119dnym do wystawienia faktury.<\/p>\n<p>Podstaw\u0105 prawn\u0105 przetwarzania Twoich danych w&nbsp;tym przypadku jest wype\u0142nienie prawnego obowi\u0105zku wystawienia faktury.<\/p>\n<p>Ponadto, wszystkie wystawione faktury uwzgl\u0119dniane s\u0105 w&nbsp;dokumentacji ksi\u0119gowej, w&nbsp;zwi\u0105zku z&nbsp;czym Twoje dane w&nbsp;spos\u00f3b naturalny b\u0119d\u0105 przetwarzane w&nbsp;ramach tej dokumentacji przez okres czasu wymagany przez przepisy prawa.<\/p>\n<p>Rezerwacje:<\/p>\n<p>Kontaktuj\u0105c si\u0119 z nami w celu rezerwacji stolika telefonicznie lub mailowo przekazujesz nam swoje imi\u0119 i nazwisko, a cz\u0119sto r\u00f3wnie\u017c numer telefonu. Podstaw\u0105 prawn\u0105 przetwarzania danych osobowych w&nbsp;takim przypadku jest Twoja zgoda wynikaj\u0105ca z&nbsp;zainicjowania kontaktu.<\/p>\n<p>Kontakt e-mailowy:<\/p>\n<p>Kontaktuj\u0105c si\u0119 z nami za po\u015brednictwem poczty elektronicznej, w&nbsp;spos\u00f3b naturalny przekazujesz nam sw\u00f3j adres e-mail jako adres nadawcy wiadomo\u015bci. Ponadto, w&nbsp;tre\u015bci wiadomo\u015bci mo\u017cesz zawrze\u0107 r\u00f3wnie\u017c inne dane osobowe. Podstaw\u0105 prawn\u0105 przetwarzania danych osobowych w&nbsp;takim przypadku jest Twoja zgoda wynikaj\u0105ca z&nbsp;zainicjowania kontaktu.<\/p>\n<p>Twoje dane osobowe przekazywane w&nbsp;ramach kontaktu e-mailowego przetwarzane s\u0105 wy\u0142\u0105cznie w&nbsp;celu obs\u0142ugi Twojego zapytania. Tre\u015b\u0107 korespondencji mo\u017ce podlega\u0107 archiwizacji.<\/p>\n<p>Monitoring:<\/p>\n<p>W naszych restauracjach zamontowany jest system monitoringu. Zapisy monitoringu s\u0142u\u017c\u0105 wy\u0142\u0105cznie zwi\u0119kszeniu bezpiecze\u0144stwa os\u00f3b i mienia. Zapisy monitoringu mog\u0105 podlega\u0107 archiwizacji.<\/p>\n<p class=\"font_8\">&nbsp;<\/p>\n<h2 class=\"font_2\">Wgl\u0105d i poprawianie przechowywanych danych osobowych<\/h2>\n<p>Masz kontrol\u0119 nad swoimi danymi. W zwi\u0105zku z przetwarzaniem przez OLTA Sp. z o.o. na mocy obowi\u0105zuj\u0105cych przepis\u00f3w RODO przys\u0142uguj\u0105 Ci nast\u0119puj\u0105ce uprawnienia:<\/p>\n<p>&nbsp;<\/p>\n<p>&#8211; prawo do wyra\u017cenia oraz cofni\u0119cia zg\u00f3d na przetwarzanie Twoich danych osobowych<\/p>\n<p>&#8211; prawo do wniesienia sprzeciwu w zakresie przetwarzania Twoich danych;<\/p>\n<p>&#8211; prawo dost\u0119pu do Twoich danych,&nbsp;w tym uzyskania kopii danych podlegaj\u0105cych przetwarzaniu, tak\u017ce w formie elektronicznej;<\/p>\n<p>&#8211; prawo do sprostowania (poprawienia) Twoich danych osobowych,&nbsp;je\u015bli Twoje dane znajduj\u0105ce si\u0119 w naszym posiadaniu s\u0105 niedok\u0142adne lub niekompletne;<\/p>\n<p>&#8211; prawo do usuni\u0119cia Twoich danych, je\u015bli Twoje dane nie s\u0105 ju\u017c niezb\u0119dne do cel\u00f3w, w kt\u00f3rych zosta\u0142y zebrane, a OLTA Sp z o.o. nie ma podstaw do ich przetwarzania, np. na podstawie Twojej zgody albo realizacji obowi\u0105zku prawnego;<\/p>\n<p>&#8211; prawo ograniczenia przetwarzania Twoich danych&nbsp;w nast\u0119puj\u0105cych przypadkach :<\/p>\n<ul>\n<li>je\u015bli masz zastrze\u017cenia co do prawid\u0142owo\u015bci Twoich danych;<\/li>\n<li>je\u015bli uwa\u017casz, \u017ce nie powinni\u015bmy przetwarza\u0107 Twoich danych, ale jednocze\u015bnie nie chcesz,&nbsp;aby\u015bmy je usun\u0119li;<\/li>\n<li>je\u015bli takie dane osobowe nie s\u0105 ju\u017c nam potrzebne, natomiast Ty potrzebujesz ich w zwi\u0105zku z dochodzeniem roszcze\u0144;<\/li>\n<li>je\u015bli wyrazi\u0142e\u015b sprzeciw wobec przetwarzania Twoich danych, a naszym obowi\u0105zkiem jest sprawdzenie, czy powinni\u015bmy je dalej przetwarza\u0107.<\/li>\n<\/ul>\n<p>&#8211; prawo do wniesienia skargi do organu nadzorczego w&nbsp;zwi\u0105zku z&nbsp;przetwarzaniem przez nas danych osobowych.<\/p>\n<p>&nbsp;<\/p>\n<p>Powy\u017csze uprawnienia mo\u017cesz realizowa\u0107 zgodnie z zasadami opisanymi w art. 16 \u2013 21 RODO kontaktuj\u0105c si\u0119 z nami za po\u015brednictwem poczty elektronicznej pod adresem kontakt@hawagroup.pl<\/p>\n<p>OLTA Sp. z o.o. w terminie miesi\u0105ca od otrzymania dyspozycji \u2013 udzieli Ci informacji o dzia\u0142aniach podj\u0119tych w zwi\u0105zku z Twoim \u017c\u0105daniem.<\/p>\n<p class=\"font_8\">&nbsp;<\/p>\n<h2 class=\"font_2\">Jak d\u0142ugo dane u\u017cytkownika s\u0105 przechowywane?<\/h2>\n<p>Twoje dane przechowujemy nie d\u0142u\u017cej ni\u017c jest to konieczne do realizacji cel\u00f3w, dla kt\u00f3rych je zgromadzono, chyba \u017ce obowi\u0105zuj\u0105ce przepisy prawa wymagaj\u0105 od nas ich d\u0142u\u017cszego przechowywania.<\/p>\n<p class=\"font_8\">&nbsp;<\/p>\n<h2 class=\"font_2\">Udost\u0119pniane danych osobowych innym podmiotom<\/h2>\n<p class=\"font_8\">OLTA Sp. z o.o. nie sprzedaje Twoich danych osobowych osobom trzecim i ujawnia je wy\u0142\u0105cznie w toku normalnego prowadzenia dzia\u0142alno\u015bci w zakresie niezb\u0119dnym do realizacji \u015bwiadczonych przez nas us\u0142ug oraz sprawnego \u015bwiadczenia us\u0142ug zamawianych przez Ciebie np. zam\u00f3wie\u0144 z dostaw\u0105, organizacji imprez zamkni\u0119tych, organizacji cateringu, dokonywanych rezerwacji oraz czynno\u015bci ksi\u0119gowych. Dane osobowe nie b\u0119d\u0105 udost\u0119pniane innym podmiotom dla cel\u00f3w marketingowych, chyba \u017ce wyrazisz na to zgod\u0119. Wszystkie podmioty, kt\u00f3rym powierzamy przetwarzanie danych osobowych gwarantuj\u0105 stosowanie odpowiednich \u015brodk\u00f3w ochrony i bezpiecze\u0144stwa danych osobowych wymaganych przez przepisy prawa.<\/p>\n<p class=\"font_8\">&nbsp;<\/p>\n<h2 class=\"font_2\">Procesy przekazywania danych poza EOG lub do organizacji mi\u0119dzynarodowych :<\/h2>\n<p>Dane osobowe gromadzone w&nbsp;ramach serwisu zam\u00f3wie\u0144 online przechowywane s\u0105 na serwerach znajduj\u0105cych si\u0119 na terytorium Europejskiego Obszaru Gospodarczego.<\/p>\n<p class=\"font_8\">&nbsp;<\/p>\n<h2 class=\"font_2\">Bezpiecze\u0144stwo<\/h2>\n<p>OLTA Sp. z o.o. d\u0105\u017cy do zapewnienia ca\u0142kowitej ochrony zgromadzonych\/przetwarzanych danych osobowych, w zwi\u0105zku z czym podejmuje odpowiednie \u015brodki w celu zapobiegania nadu\u017cyciu, utracie, nieuprawnionemu dost\u0119powi, niechcianemu ujawnieniu i nieuprawnionemu wprowadzaniu do nich zmian. W ka\u017cdej chwili mo\u017cesz skontaktowa\u0107 si\u0119 z osob\u0105 odpowiedzialn\u0105 za prawid\u0142owo\u015b\u0107 przetwarzania Twoich danych osobowych, wysy\u0142aj\u0105c wiadomo\u015b\u0107 e-mail na adres kontakt@hawagroup.pl.<\/p>\n<p>&nbsp;<\/p>\n<h2 class=\"font_2\">Aktualizacje<\/h2>\n<p>Co jaki\u015b czas mo\u017cemy aktualizowa\u0107 niniejsz\u0105 Polityk\u0119. Nowa wersja Polityki publikowana b\u0119dzie na naszej stronie internetowej.<\/p>\n<p>Zach\u0119camy do okresowego zapoznawania si\u0119 z tre\u015bci\u0105 niniejszej polityki w celu uzyskania najnowszych informacji o naszych praktykach w zakresie ochrony prywatno\u015bci. Udost\u0119pniamy r\u00f3wnie\u017c do wgl\u0105du poprzednie wersje naszej polityki prywatno\u015bci.<\/p>\n<h2 class=\"font_2\">&nbsp;<\/h2>\n<h2 class=\"font_2\">Dane kontaktowe<\/h2>\n<p class=\"font_8\">Adres siedziby:<br>ul. Nowowiejska 10 U62<br>00-653 Warszawa<br>E-mail: kontakt@hawagroup.pl<\/p>\n<p class=\"font_8\">&nbsp;<\/p>\n<h2 class=\"font_2\">Pytania?<\/h2>\n<p>W przypadku jakichkolwiek pyta\u0144 lub uwag dotycz\u0105cych plik\u00f3w cookies, prosimy o kontakt pod adresem e-mail kontakt@hawagroup.pl<\/p>\n<\/div>\n<\/div>\n","protected":false},"excerpt":{"rendered":"<p>Polityka prywatno\u015bci &nbsp; Wst\u0119p Nasz firma przyk\u0142ada du\u017c\u0105 wag\u0119 do ochrony Twojej prywatno\u015bci. Pragniemy zapewni\u0107, \u017ce traktujemy Twoje dane ze staranno\u015bci\u0105 i uwzgl\u0119dnieniem zobowi\u0105za\u0144 wynikaj\u0105cych [&hellip;]<\/p>\n","protected":false},"author":1,"featured_media":0,"parent":0,"menu_order":0,"comment_status":"closed","ping_status":"closed","template":"","meta":{"novablocks_hero_scroll_indicator":false,"novablocks_hero_position_indicators":false,"ngg_post_thumbnail":0,"footnotes":""},"class_list":["post-154","page","type-page","status-publish","hentry"],"yoast_head":"<!-- This site is optimized with the Yoast SEO plugin v26.8 - https:\/\/yoast.com\/product\/yoast-seo-wordpress\/ -->\n<title>Polityka Prywatno\u015bci &#8902; Restauracja Pe\u0142n\u0105 Par\u0105<\/title>\n<meta name=\"robots\" content=\"index, follow, max-snippet:-1, max-image-preview:large, max-video-preview:-1\" \/>\n<link rel=\"canonical\" href=\"https:\/\/pelnapara.pl\/index.php\/polityka-prywatnosci\/\" \/>\n<meta property=\"og:locale\" content=\"pl_PL\" \/>\n<meta property=\"og:type\" content=\"article\" \/>\n<meta property=\"og:title\" content=\"Polityka Prywatno\u015bci &#8902; Restauracja Pe\u0142n\u0105 Par\u0105\" \/>\n<meta property=\"og:description\" content=\"Polityka prywatno\u015bci &nbsp; Wst\u0119p Nasz firma przyk\u0142ada du\u017c\u0105 wag\u0119 do ochrony Twojej prywatno\u015bci. Pragniemy zapewni\u0107, \u017ce traktujemy Twoje dane ze staranno\u015bci\u0105 i uwzgl\u0119dnieniem zobowi\u0105za\u0144 wynikaj\u0105cych [&hellip;]\" \/>\n<meta property=\"og:url\" content=\"https:\/\/pelnapara.pl\/index.php\/polityka-prywatnosci\/\" \/>\n<meta property=\"og:site_name\" content=\"Restauracja Pe\u0142n\u0105 Par\u0105\" \/>\n<meta property=\"article:publisher\" content=\"https:\/\/www.facebook.com\/pelnaparananowo\" \/>\n<meta property=\"article:modified_time\" content=\"2024-06-06T12:29:07+00:00\" \/>\n<meta name=\"twitter:card\" content=\"summary_large_image\" \/>\n<meta name=\"twitter:label1\" content=\"Szacowany czas czytania\" \/>\n\t<meta name=\"twitter:data1\" content=\"8 minut\" \/>\n<script type=\"application\/ld+json\" class=\"yoast-schema-graph\">{\"@context\":\"https:\/\/schema.org\",\"@graph\":[{\"@type\":\"WebPage\",\"@id\":\"https:\/\/pelnapara.pl\/index.php\/polityka-prywatnosci\/\",\"url\":\"https:\/\/pelnapara.pl\/index.php\/polityka-prywatnosci\/\",\"name\":\"Polityka Prywatno\u015bci &#8902; Restauracja Pe\u0142n\u0105 Par\u0105\",\"isPartOf\":{\"@id\":\"https:\/\/pelnapara.pl\/#website\"},\"datePublished\":\"2014-06-02T06:13:59+00:00\",\"dateModified\":\"2024-06-06T12:29:07+00:00\",\"breadcrumb\":{\"@id\":\"https:\/\/pelnapara.pl\/index.php\/polityka-prywatnosci\/#breadcrumb\"},\"inLanguage\":\"pl-PL\",\"potentialAction\":[{\"@type\":\"ReadAction\",\"target\":[\"https:\/\/pelnapara.pl\/index.php\/polityka-prywatnosci\/\"]}]},{\"@type\":\"BreadcrumbList\",\"@id\":\"https:\/\/pelnapara.pl\/index.php\/polityka-prywatnosci\/#breadcrumb\",\"itemListElement\":[{\"@type\":\"ListItem\",\"position\":1,\"name\":\"Strona g\u0142\u00f3wna\",\"item\":\"https:\/\/pelnapara.pl\/\"},{\"@type\":\"ListItem\",\"position\":2,\"name\":\"Polityka Prywatno\u015bci\"}]},{\"@type\":\"WebSite\",\"@id\":\"https:\/\/pelnapara.pl\/#website\",\"url\":\"https:\/\/pelnapara.pl\/\",\"name\":\"Restauracja Pe\u0142n\u0105 Par\u0105\",\"description\":\"Zapraszamy do azjatyckiej restauracji Pe\u0142n\u0105 Par\u0105\",\"publisher\":{\"@id\":\"https:\/\/pelnapara.pl\/#organization\"},\"potentialAction\":[{\"@type\":\"SearchAction\",\"target\":{\"@type\":\"EntryPoint\",\"urlTemplate\":\"https:\/\/pelnapara.pl\/?s={search_term_string}\"},\"query-input\":{\"@type\":\"PropertyValueSpecification\",\"valueRequired\":true,\"valueName\":\"search_term_string\"}}],\"inLanguage\":\"pl-PL\"},{\"@type\":\"Organization\",\"@id\":\"https:\/\/pelnapara.pl\/#organization\",\"name\":\"Pelna Para\",\"url\":\"https:\/\/pelnapara.pl\/\",\"logo\":{\"@type\":\"ImageObject\",\"inLanguage\":\"pl-PL\",\"@id\":\"https:\/\/pelnapara.pl\/#\/schema\/logo\/image\/\",\"url\":\"https:\/\/pelnapara.pl\/wp-content\/uploads\/2021\/01\/cropped-PelnaPara_ICO.jpg\",\"contentUrl\":\"https:\/\/pelnapara.pl\/wp-content\/uploads\/2021\/01\/cropped-PelnaPara_ICO.jpg\",\"width\":512,\"height\":512,\"caption\":\"Pelna Para\"},\"image\":{\"@id\":\"https:\/\/pelnapara.pl\/#\/schema\/logo\/image\/\"},\"sameAs\":[\"https:\/\/www.facebook.com\/pelnaparananowo\",\"https:\/\/www.instagram.com\/pelna.para\/\"]}]}<\/script>\n<!-- \/ Yoast SEO plugin. -->","yoast_head_json":{"title":"Polityka Prywatno\u015bci &#8902; Restauracja Pe\u0142n\u0105 Par\u0105","robots":{"index":"index","follow":"follow","max-snippet":"max-snippet:-1","max-image-preview":"max-image-preview:large","max-video-preview":"max-video-preview:-1"},"canonical":"https:\/\/pelnapara.pl\/index.php\/polityka-prywatnosci\/","og_locale":"pl_PL","og_type":"article","og_title":"Polityka Prywatno\u015bci &#8902; Restauracja Pe\u0142n\u0105 Par\u0105","og_description":"Polityka prywatno\u015bci &nbsp; Wst\u0119p Nasz firma przyk\u0142ada du\u017c\u0105 wag\u0119 do ochrony Twojej prywatno\u015bci. Pragniemy zapewni\u0107, \u017ce traktujemy Twoje dane ze staranno\u015bci\u0105 i uwzgl\u0119dnieniem zobowi\u0105za\u0144 wynikaj\u0105cych [&hellip;]","og_url":"https:\/\/pelnapara.pl\/index.php\/polityka-prywatnosci\/","og_site_name":"Restauracja Pe\u0142n\u0105 Par\u0105","article_publisher":"https:\/\/www.facebook.com\/pelnaparananowo","article_modified_time":"2024-06-06T12:29:07+00:00","twitter_card":"summary_large_image","twitter_misc":{"Szacowany czas czytania":"8 minut"},"schema":{"@context":"https:\/\/schema.org","@graph":[{"@type":"WebPage","@id":"https:\/\/pelnapara.pl\/index.php\/polityka-prywatnosci\/","url":"https:\/\/pelnapara.pl\/index.php\/polityka-prywatnosci\/","name":"Polityka Prywatno\u015bci &#8902; Restauracja Pe\u0142n\u0105 Par\u0105","isPartOf":{"@id":"https:\/\/pelnapara.pl\/#website"},"datePublished":"2014-06-02T06:13:59+00:00","dateModified":"2024-06-06T12:29:07+00:00","breadcrumb":{"@id":"https:\/\/pelnapara.pl\/index.php\/polityka-prywatnosci\/#breadcrumb"},"inLanguage":"pl-PL","potentialAction":[{"@type":"ReadAction","target":["https:\/\/pelnapara.pl\/index.php\/polityka-prywatnosci\/"]}]},{"@type":"BreadcrumbList","@id":"https:\/\/pelnapara.pl\/index.php\/polityka-prywatnosci\/#breadcrumb","itemListElement":[{"@type":"ListItem","position":1,"name":"Strona g\u0142\u00f3wna","item":"https:\/\/pelnapara.pl\/"},{"@type":"ListItem","position":2,"name":"Polityka Prywatno\u015bci"}]},{"@type":"WebSite","@id":"https:\/\/pelnapara.pl\/#website","url":"https:\/\/pelnapara.pl\/","name":"Restauracja Pe\u0142n\u0105 Par\u0105","description":"Zapraszamy do azjatyckiej restauracji Pe\u0142n\u0105 Par\u0105","publisher":{"@id":"https:\/\/pelnapara.pl\/#organization"},"potentialAction":[{"@type":"SearchAction","target":{"@type":"EntryPoint","urlTemplate":"https:\/\/pelnapara.pl\/?s={search_term_string}"},"query-input":{"@type":"PropertyValueSpecification","valueRequired":true,"valueName":"search_term_string"}}],"inLanguage":"pl-PL"},{"@type":"Organization","@id":"https:\/\/pelnapara.pl\/#organization","name":"Pelna Para","url":"https:\/\/pelnapara.pl\/","logo":{"@type":"ImageObject","inLanguage":"pl-PL","@id":"https:\/\/pelnapara.pl\/#\/schema\/logo\/image\/","url":"https:\/\/pelnapara.pl\/wp-content\/uploads\/2021\/01\/cropped-PelnaPara_ICO.jpg","contentUrl":"https:\/\/pelnapara.pl\/wp-content\/uploads\/2021\/01\/cropped-PelnaPara_ICO.jpg","width":512,"height":512,"caption":"Pelna Para"},"image":{"@id":"https:\/\/pelnapara.pl\/#\/schema\/logo\/image\/"},"sameAs":["https:\/\/www.facebook.com\/pelnaparananowo","https:\/\/www.instagram.com\/pelna.para\/"]}]}},"_links":{"self":[{"href":"https:\/\/pelnapara.pl\/index.php\/wp-json\/wp\/v2\/pages\/154","targetHints":{"allow":["GET"]}}],"collection":[{"href":"https:\/\/pelnapara.pl\/index.php\/wp-json\/wp\/v2\/pages"}],"about":[{"href":"https:\/\/pelnapara.pl\/index.php\/wp-json\/wp\/v2\/types\/page"}],"author":[{"embeddable":true,"href":"https:\/\/pelnapara.pl\/index.php\/wp-json\/wp\/v2\/users\/1"}],"replies":[{"embeddable":true,"href":"https:\/\/pelnapara.pl\/index.php\/wp-json\/wp\/v2\/comments?post=154"}],"version-history":[{"count":9,"href":"https:\/\/pelnapara.pl\/index.php\/wp-json\/wp\/v2\/pages\/154\/revisions"}],"predecessor-version":[{"id":4196,"href":"https:\/\/pelnapara.pl\/index.php\/wp-json\/wp\/v2\/pages\/154\/revisions\/4196"}],"wp:attachment":[{"href":"https:\/\/pelnapara.pl\/index.php\/wp-json\/wp\/v2\/media?parent=154"}],"curies":[{"name":"wp","href":"https:\/\/api.w.org\/{rel}","templated":true}]}}